{"id":2241,"date":"2018-09-11T08:41:21","date_gmt":"2018-09-11T15:41:21","guid":{"rendered":"https:\/\/poderevigliano.com\/lokaal\/"},"modified":"2026-04-06T03:19:19","modified_gmt":"2026-04-06T10:19:19","slug":"lokaal","status":"publish","type":"page","link":"https:\/\/poderevigliano.com\/nl\/lokaal\/","title":{"rendered":"Lokaal"},"content":{"rendered":"<p>[et_pb_section fb_built=&#8221;1&#8243; fullwidth=&#8221;on&#8221; admin_label=&#8221;Hero&#8221; _builder_version=&#8221;4.16&#8243; custom_padding=&#8221;0px|0px|0px|0px&#8221; global_colors_info=&#8221;{}&#8221;][et_pb_fullwidth_header title=&#8221;Lokaal&#8221; button_one_text=&#8221;Reservations&#8221; button_one_url=&#8221;https:\/\/poderevigliano.com\/nl\/reserveringen\/&#8221; button_two_text=&#8221;Contact&#8221; button_two_url=&#8221;https:\/\/poderevigliano.com\/nl\/contact\/&#8221; background_overlay_color=&#8221;rgba(108,119,85,0)&#8221; content_max_width=&#8221;700px&#8221; admin_label=&#8221;Hero Section&#8221; _builder_version=&#8221;4.16&#8243; title_font=&#8221;Alex Brush||||||||&#8221; title_font_size=&#8221;80px&#8221; title_line_height=&#8221;1.3em&#8221; content_font=&#8221;Roboto||||&#8221; content_font_size=&#8221;20px&#8221; content_line_height=&#8221;1.7em&#8221; subhead_font=&#8221;||||||||&#8221; background_color=&#8221;#ffffff&#8221; use_background_color_gradient=&#8221;on&#8221; background_color_gradient_stops=&#8221;rgba(0,0,0,0) 0%|rgba(0,0,0,0.24) 100%&#8221; background_color_gradient_overlays_image=&#8221;on&#8221; background_color_gradient_start=&#8221;rgba(0,0,0,0)&#8221; background_color_gradient_end=&#8221;rgba(0,0,0,0.24)&#8221; background_image=&#8221;https:\/\/poderevigliano.com\/wp-content\/uploads\/Podere-Vigliano-Farmhouse-Umbria-exterior-11-1920.jpg&#8221; custom_button_one=&#8221;on&#8221; button_one_border_radius=&#8221;0px&#8221; button_one_font=&#8221;|700|||||||&#8221; button_one_icon_color=&#8221;#ffffff&#8221; custom_button_two=&#8221;on&#8221; button_two_font=&#8221;|700|||||||&#8221; custom_margin=&#8221;|||&#8221; custom_padding=&#8221;5vw||5vw||true&#8221; custom_padding_tablet=&#8221;60px||60px|&#8221; custom_padding_last_edited=&#8221;off|desktop&#8221; animation_style=&#8221;fade&#8221; animation_direction=&#8221;bottom&#8221; animation_duration=&#8221;800ms&#8221; animation_starting_opacity=&#8221;25%&#8221; title_font_size_tablet=&#8221;72px&#8221; title_font_size_phone=&#8221;48px&#8221; title_font_size_last_edited=&#8221;on|phone&#8221; content_font_size_tablet=&#8221;18px&#8221; content_font_size_phone=&#8221;16px&#8221; content_font_size_last_edited=&#8221;on|phone&#8221; button_one_text_size_tablet=&#8221;&#8221; button_one_text_size_phone=&#8221;16px&#8221; button_one_text_size_last_edited=&#8221;on|phone&#8221; button_two_text_size_tablet=&#8221;&#8221; button_two_text_size_phone=&#8221;16px&#8221; button_two_text_size_last_edited=&#8221;on|phone&#8221; title_text_shadow_style=&#8221;preset1&#8243; title_text_shadow_vertical_length=&#8221;0.03em&#8221; title_text_shadow_color=&#8221;rgba(0,0,0,0.82)&#8221; box_shadow_style_button_one=&#8221;preset3&#8243; box_shadow_style_button_two=&#8221;preset3&#8243; button_one_text_color_hover=&#8221;#ffffff&#8221; button_one_border_color_hover=&#8221;#ffffff&#8221; button_two_border_color_hover=&#8221;#ffffff&#8221; button_one_border_radius_hover=&#8221;0px&#8221; button_one_bg_color_hover=&#8221;rgba(0,0,0,0)&#8221; button_two_bg_color_hover=&#8221;rgba(0,0,0,0)&#8221; global_colors_info=&#8221;{}&#8221; button_one_text_size__hover_enabled=&#8221;off&#8221; button_two_text_size__hover_enabled=&#8221;off&#8221; button_one_text_color__hover_enabled=&#8221;on&#8221; button_one_text_color__hover=&#8221;#ffffff&#8221; button_two_text_color__hover_enabled=&#8221;off&#8221; button_one_border_width__hover_enabled=&#8221;off&#8221; button_two_border_width__hover_enabled=&#8221;off&#8221; button_one_border_color__hover_enabled=&#8221;on&#8221; button_one_border_color__hover=&#8221;#ffffff&#8221; button_two_border_color__hover_enabled=&#8221;on&#8221; button_two_border_color__hover=&#8221;#ffffff&#8221; button_one_border_radius__hover_enabled=&#8221;on&#8221; button_one_border_radius__hover=&#8221;0px&#8221; button_two_border_radius__hover_enabled=&#8221;off&#8221; button_one_letter_spacing__hover_enabled=&#8221;off&#8221; button_two_letter_spacing__hover_enabled=&#8221;off&#8221; button_one_bg_color__hover_enabled=&#8221;on&#8221; button_one_bg_color__hover=&#8221;rgba(0,0,0,0)&#8221; button_two_bg_color__hover_enabled=&#8221;on&#8221; button_two_bg_color__hover=&#8221;rgba(0,0,0,0)&#8221;]Echt het authentieke Italiaanse dorp.[\/et_pb_fullwidth_header][\/et_pb_section][et_pb_section fb_built=&#8221;1&#8243; _builder_version=&#8221;4.16&#8243; custom_padding=&#8221;50px|0px|50px|0px|false|false&#8221; global_colors_info=&#8221;{}&#8221;][et_pb_row column_structure=&#8221;1_2,1_2&#8243; make_equal=&#8221;on&#8221; module_class=&#8221;  et_pb_row_fullwidth&#8221; _builder_version=&#8221;4.16&#8243; width=&#8221;89%&#8221; width_tablet=&#8221;80%&#8221; width_phone=&#8221;80%&#8221; width_last_edited=&#8221;on|desktop&#8221; max_width=&#8221;89%&#8221; max_width_tablet=&#8221;80%&#8221; max_width_phone=&#8221;80%&#8221; max_width_last_edited=&#8221;on|desktop&#8221; make_fullwidth=&#8221;on&#8221; global_colors_info=&#8221;{}&#8221;][et_pb_column type=&#8221;1_2&#8243; module_class=&#8221;ds-vertical-align&#8221; _builder_version=&#8221;4.16&#8243; custom_padding=&#8221;|||&#8221; global_colors_info=&#8221;{}&#8221; custom_padding__hover=&#8221;|||&#8221;][et_pb_text _builder_version=&#8221;4.27.6&#8243; header_4_font=&#8221;||||||||&#8221; header_4_line_height=&#8221;1.5em&#8221; custom_padding=&#8221;|||&#8221; hover_enabled=&#8221;0&#8243; global_colors_info=&#8221;{}&#8221; sticky_enabled=&#8221;0&#8243;]<\/p>\n<h4>Podere Vigliano ligt in Umbri\u00eb, dat met zijn weelderige glooiende heuvels bekend staat als &#8220;het groene hart van Itali\u00eb&#8221;.<\/h4>\n<p>Een bezoek aan de middeleeuwse heuvelsteden van Umbri\u00eb en Toscane is gemakkelijk vanuit Podere Vigliano, omdat we op slechts enkele minuten van de autostrada A-1 en het hoofdstation van Chiusi liggen.<\/p>\n<p>De beroemde steden <strong>Orvieto<\/strong>, <strong>Siena<\/strong>, <strong>Assisi<\/strong>, <strong>Perugia<\/strong>, <strong>Todi<\/strong>, <strong>Deruta<\/strong>, <strong>Montepulciano<\/strong> en <strong>Cortona<\/strong> liggen allemaal binnen een uur rijden. Je kunt ook de trein nemen naar <strong>Florence<\/strong> en <strong>Rome<\/strong>, waar je in iets meer dan een uur aankomt. <\/p>\n<p>Etruskische tombes, warmwaterbronnen, Romeinse ru\u00efnes en de Duomo van Orvieto zijn slechts een paar van de historische kenmerken van de regio die op je verblijf in Podere Vigliano wachten.<\/p>\n<p>Lokale activiteiten zijn paardrijden, zwemmen, wandelen, tennissen, mountainbiken, fietsen, kook- en kunstlessen, wijnproeven en rondleidingen. Meer informatie vind je op onze pagina<a href=\"https:\/\/poderevigliano.com\/nl\/authentieke-ervaringen\/\"> Authentieke ervaringen<\/a>. <\/p>\n<p>[\/et_pb_text][\/et_pb_column][et_pb_column type=&#8221;1_2&#8243; module_class=&#8221;ds-vertical-align&#8221; _builder_version=&#8221;4.16&#8243; custom_padding=&#8221;|||&#8221; global_colors_info=&#8221;{}&#8221; custom_padding__hover=&#8221;|||&#8221;][et_pb_code _builder_version=&#8221;4.16&#8243; global_colors_info=&#8221;{}&#8221;]<iframe loading=\"lazy\" src=\"https:\/\/www.google.com\/maps\/embed?pb=!1m14!1m8!1m3!1d23378.854216584306!2d12.03916!3d42.907516!3m2!1i1024!2i768!4f13.1!3m3!1m2!1s0x0%3A0x0!2zNDLCsDU0JzI3LjEiTiAxMsKwMDInMjEuMCJF!5e0!3m2!1sen!2sit!4v1531227807281\" width=\"800\" height=\"394\" frameborder=\"0\" style=\"border:0\" allowfullscreen=\"\"><\/iframe>[\/et_pb_code][\/et_pb_column][\/et_pb_row][\/et_pb_section][et_pb_section fb_built=&#8221;1&#8243; _builder_version=&#8221;4.16&#8243; custom_padding=&#8221;0|0px|0|0px|false|false&#8221; global_colors_info=&#8221;{}&#8221;][et_pb_row column_structure=&#8221;1_4,1_4,1_4,1_4&#8243; use_custom_gutter=&#8221;on&#8221; gutter_width=&#8221;1&#8243; make_equal=&#8221;on&#8221; module_class=&#8221;  et_pb_row_fullwidth&#8221; _builder_version=&#8221;4.16&#8243; width=&#8221;100%&#8221; width_tablet=&#8221;100%&#8221; width_phone=&#8221;100%&#8221; width_last_edited=&#8221;on|desktop&#8221; max_width=&#8221;100%&#8221; max_width_tablet=&#8221;100%&#8221; max_width_phone=&#8221;100%&#8221; max_width_last_edited=&#8221;on|desktop&#8221; custom_padding=&#8221;3px|0px|0|0px|false|false&#8221; make_fullwidth=&#8221;on&#8221; global_colors_info=&#8221;{}&#8221;][et_pb_column type=&#8221;1_4&#8243; _builder_version=&#8221;4.16&#8243; custom_padding=&#8221;|||&#8221; global_colors_info=&#8221;{}&#8221; custom_padding__hover=&#8221;|||&#8221;][et_pb_image src=&#8221;https:\/\/poderevigliano.com\/wp-content\/uploads\/duomo-orvieto.jpg&#8221; align_tablet=&#8221;center&#8221; align_phone=&#8221;center&#8221; align_last_edited=&#8221;on|desktop&#8221; _builder_version=&#8221;4.16&#8243; global_colors_info=&#8221;{}&#8221;][\/et_pb_image][\/et_pb_column][et_pb_column type=&#8221;1_4&#8243; _builder_version=&#8221;4.16&#8243; custom_padding=&#8221;|||&#8221; global_colors_info=&#8221;{}&#8221; custom_padding__hover=&#8221;|||&#8221;][et_pb_image src=&#8221;https:\/\/poderevigliano.com\/wp-content\/uploads\/siena.jpg&#8221; align_tablet=&#8221;center&#8221; align_phone=&#8221;center&#8221; align_last_edited=&#8221;on|desktop&#8221; _builder_version=&#8221;4.16&#8243; locked=&#8221;off&#8221; global_colors_info=&#8221;{}&#8221;][\/et_pb_image][\/et_pb_column][et_pb_column type=&#8221;1_4&#8243; _builder_version=&#8221;4.16&#8243; custom_padding=&#8221;|||&#8221; global_colors_info=&#8221;{}&#8221; custom_padding__hover=&#8221;|||&#8221;][et_pb_image src=&#8221;https:\/\/poderevigliano.com\/wp-content\/uploads\/assisi2.jpg&#8221; align_tablet=&#8221;center&#8221; align_phone=&#8221;center&#8221; align_last_edited=&#8221;on|desktop&#8221; _builder_version=&#8221;4.16&#8243; locked=&#8221;off&#8221; global_colors_info=&#8221;{}&#8221;][\/et_pb_image][\/et_pb_column][et_pb_column type=&#8221;1_4&#8243; _builder_version=&#8221;4.16&#8243; custom_padding=&#8221;|||&#8221; global_colors_info=&#8221;{}&#8221; custom_padding__hover=&#8221;|||&#8221;][et_pb_image src=&#8221;https:\/\/poderevigliano.com\/wp-content\/uploads\/monteleone.jpg&#8221; align_tablet=&#8221;center&#8221; align_phone=&#8221;center&#8221; align_last_edited=&#8221;on|desktop&#8221; _builder_version=&#8221;4.16&#8243; locked=&#8221;off&#8221; global_colors_info=&#8221;{}&#8221;][\/et_pb_image][\/et_pb_column][\/et_pb_row][et_pb_row column_structure=&#8221;1_4,1_4,1_4,1_4&#8243; use_custom_gutter=&#8221;on&#8221; gutter_width=&#8221;1&#8243; make_equal=&#8221;on&#8221; module_class=&#8221;  et_pb_row_fullwidth&#8221; _builder_version=&#8221;4.16&#8243; width=&#8221;100%&#8221; width_tablet=&#8221;100%&#8221; width_phone=&#8221;100%&#8221; width_last_edited=&#8221;on|desktop&#8221; max_width=&#8221;100%&#8221; max_width_tablet=&#8221;100%&#8221; max_width_phone=&#8221;100%&#8221; max_width_last_edited=&#8221;on|desktop&#8221; custom_padding=&#8221;0|0px|0|0px|false|false&#8221; make_fullwidth=&#8221;on&#8221; global_colors_info=&#8221;{}&#8221;][et_pb_column type=&#8221;1_4&#8243; _builder_version=&#8221;4.16&#8243; custom_padding=&#8221;|||&#8221; global_colors_info=&#8221;{}&#8221; custom_padding__hover=&#8221;|||&#8221;][et_pb_image src=&#8221;https:\/\/poderevigliano.com\/wp-content\/uploads\/florence.jpg&#8221; align_tablet=&#8221;center&#8221; align_phone=&#8221;center&#8221; align_last_edited=&#8221;on|desktop&#8221; _builder_version=&#8221;4.16&#8243; global_colors_info=&#8221;{}&#8221;][\/et_pb_image][\/et_pb_column][et_pb_column type=&#8221;1_4&#8243; _builder_version=&#8221;4.16&#8243; custom_padding=&#8221;|||&#8221; global_colors_info=&#8221;{}&#8221; custom_padding__hover=&#8221;|||&#8221;][et_pb_image src=&#8221;https:\/\/poderevigliano.com\/wp-content\/uploads\/rome.jpg&#8221; align_tablet=&#8221;center&#8221; align_phone=&#8221;center&#8221; align_last_edited=&#8221;on|desktop&#8221; _builder_version=&#8221;4.16&#8243; locked=&#8221;off&#8221; global_colors_info=&#8221;{}&#8221;][\/et_pb_image][\/et_pb_column][et_pb_column type=&#8221;1_4&#8243; _builder_version=&#8221;4.16&#8243; custom_padding=&#8221;|||&#8221; global_colors_info=&#8221;{}&#8221; custom_padding__hover=&#8221;|||&#8221;][et_pb_image src=&#8221;https:\/\/poderevigliano.com\/wp-content\/uploads\/montepulciano.jpg&#8221; align_tablet=&#8221;center&#8221; align_phone=&#8221;center&#8221; align_last_edited=&#8221;on|desktop&#8221; _builder_version=&#8221;4.16&#8243; locked=&#8221;off&#8221; global_colors_info=&#8221;{}&#8221;][\/et_pb_image][\/et_pb_column][et_pb_column type=&#8221;1_4&#8243; _builder_version=&#8221;4.16&#8243; custom_padding=&#8221;|||&#8221; global_colors_info=&#8221;{}&#8221; custom_padding__hover=&#8221;|||&#8221;][et_pb_image src=&#8221;https:\/\/poderevigliano.com\/wp-content\/uploads\/perugia-fountain.jpg&#8221; align_tablet=&#8221;center&#8221; align_phone=&#8221;center&#8221; align_last_edited=&#8221;on|desktop&#8221; _builder_version=&#8221;4.16&#8243; locked=&#8221;off&#8221; global_colors_info=&#8221;{}&#8221;][\/et_pb_image][\/et_pb_column][\/et_pb_row][\/et_pb_section][et_pb_section fb_built=&#8221;1&#8243; _builder_version=&#8221;4.16&#8243; custom_padding=&#8221;50px|0px|80px|0px|false|false&#8221; top_divider_color=&#8221;#6c7755&#8243; top_divider_height=&#8221;50px&#8221; bottom_divider_style=&#8221;wave2&#8243; bottom_divider_color=&#8221;#58654b&#8221; bottom_divider_height=&#8221;50px&#8221; global_colors_info=&#8221;{}&#8221;][et_pb_row _builder_version=&#8221;4.16&#8243; global_colors_info=&#8221;{}&#8221;][et_pb_column type=&#8221;4_4&#8243; _builder_version=&#8221;4.16&#8243; custom_padding=&#8221;|||&#8221; global_colors_info=&#8221;{}&#8221; custom_padding__hover=&#8221;|||&#8221;][et_pb_text _builder_version=&#8221;4.27.6&#8243; hover_enabled=&#8221;0&#8243; global_colors_info=&#8221;{}&#8221; sticky_enabled=&#8221;0&#8243;]<\/p>\n<h4>Monteleone d&#8217;Orvieto<\/h4>\n<p>Onze middeleeuwse heuvelstad Monteleone d&#8217;Orvieto waakt over mijn boerderij, Podere Vigliano. Vanaf het terras in de tuin kun je genieten van het majestueuze uitzicht op dit rustige stadje en de kerkklokken in de verte horen. Een wandeling van 30 minuten bergopwaarts en je zit op het piazza iets te drinken in een caf\u00e9, te dineren op een terras of de eeuwenoude ommuurde stad met \u00e9\u00e9n straat te ontdekken.  <\/p>\n<p>Onze stad is relatief onaangetast gebleven door toeristen, net zoals de inwoners zelf willen. Gesticht door de stad Orvieto in 1502 als een afgelegen bolwerk om de noordelijke bezittingen van de stad te verdedigen en als graanschuur van Orvieto. Resten van de middeleeuwse vestingwerken zijn nog steeds zichtbaar. Een muurschildering in het koor van de collegiale kerk in Monteleone, toont een Madonna met kind en wordt toegeschreven aan de beroemde renaissance kunstenaar Perugino, geboren in het nabijgelegen Citta Della Pieve.   <\/p>\n<p><strong>Monteleone is het hele jaar door gastheer van verschillende bekende jaarlijkse plaatselijke festivals:<\/strong><\/p>\n<p><strong>Rimpartriata &amp; Sagra degli Umbrichelli<\/strong> &#8211; Half augustus &#8211; Een festival ter ere van het verleden met &#8217;s avonds muziek en dans en smullen van de specialiteit van Monteleone&#8217;s &#8220;Umbrichelli&#8221; een pasta die met de hand wordt gemaakt.<\/p>\n<p><strong>Corteo Storico<\/strong> &#8211; 16 augustus &#8211; Een historische processie die teruggaat tot de 13e eeuw, waarbij de kleding en gebruiken van die tijd worden nagespeeld. De festiviteiten eindigen met het steekspel van Giglio. <\/p>\n<p><strong>Presepe Vivente<\/strong> &#8211; 26 dec &#8211; 6 jan &#8211; Levend Cresh. De stad speelt het leven in de middeleeuwen na. <\/p>\n<p>Er zijn het hele jaar door veel festivals in de naburige steden.<\/p>\n<p><strong>Citta della Pieve<\/strong> &#8211; Half augustus &#8211; <strong>Palio dei Terzieri-<\/strong>een 10-daags historisch festival<\/p>\n<p><strong>Perugia<\/strong> &#8211; gastheer van het wereldberoemde <strong>Umbrian Jazz Festival<\/strong> &#8211; 9 dagen Midden juli<\/p>\n<p><strong>Spoleto<\/strong> &#8211; <strong>Festival van 2 werelden<\/strong> &#8211; zomers muziek- en operafestival eind juni &#8211; begin juli.<\/p>\n<p>[\/et_pb_text][\/et_pb_column][\/et_pb_row][\/et_pb_section]<\/p>\n","protected":false},"excerpt":{"rendered":"<p>Echt het authentieke Italiaanse dorp.Podere Vigliano ligt in Umbri\u00eb, dat met zijn weelderige glooiende heuvels bekend staat als &#8220;het groene hart van Itali\u00eb&#8221;. Een bezoek aan de middeleeuwse heuvelsteden van Umbri\u00eb en Toscane is gemakkelijk vanuit Podere Vigliano, omdat we op slechts enkele minuten van de autostrada A-1 en het hoofdstation van Chiusi liggen. De [&hellip;]<\/p>\n","protected":false},"author":2,"featured_media":0,"parent":0,"menu_order":0,"comment_status":"closed","ping_status":"closed","template":"","meta":{"_et_pb_use_builder":"on","_et_pb_old_content":"","_et_gb_content_width":"","_monsterinsights_skip_tracking":false,"_monsterinsights_sitenote_active":false,"_monsterinsights_sitenote_note":"","_monsterinsights_sitenote_category":0,"footnotes":""},"class_list":["post-2241","page","type-page","status-publish","hentry"],"yoast_head":"<!-- This site is optimized with the Yoast SEO plugin v27.3 - https:\/\/yoast.com\/product\/yoast-seo-wordpress\/ -->\n<title>Wat te doen en te zien in Umbri\u00eb en Toscane &#8226; Podere Vigliano<\/title>\n<meta name=\"description\" content=\"Ontdek de vele dagtochten die je kunt maken in Umbrie en Toscane vanuit je ideale vakantiehuis landhuis Podere Vigliano.\" \/>\n<meta name=\"robots\" content=\"index, follow, max-snippet:-1, max-image-preview:large, max-video-preview:-1\" \/>\n<link rel=\"canonical\" href=\"https:\/\/poderevigliano.com\/nl\/lokaal\/\" \/>\n<meta property=\"og:locale\" content=\"nl_NL\" \/>\n<meta property=\"og:type\" content=\"article\" \/>\n<meta property=\"og:title\" content=\"Wat te doen en te zien in Umbri\u00eb en Toscane &#8226; Podere Vigliano\" \/>\n<meta property=\"og:description\" content=\"Ontdek de vele dagtochten die je kunt maken in Umbrie en Toscane vanuit je ideale vakantiehuis landhuis Podere Vigliano.\" \/>\n<meta property=\"og:url\" content=\"https:\/\/poderevigliano.com\/nl\/lokaal\/\" \/>\n<meta property=\"og:site_name\" content=\"Podere Vigliano\" \/>\n<meta property=\"article:publisher\" content=\"https:\/\/www.facebook.com\/Podere.Vigliano.Umbria\" \/>\n<meta property=\"article:modified_time\" content=\"2026-04-06T10:19:19+00:00\" \/>\n<meta name=\"twitter:card\" content=\"summary_large_image\" \/>\n<meta name=\"twitter:label1\" content=\"Geschatte leestijd\" \/>\n\t<meta name=\"twitter:data1\" content=\"4 minuten\" \/>\n<script type=\"application\/ld+json\" class=\"yoast-schema-graph\">{\"@context\":\"https:\\\/\\\/schema.org\",\"@graph\":[{\"@type\":\"WebPage\",\"@id\":\"https:\\\/\\\/poderevigliano.com\\\/nl\\\/lokaal\\\/\",\"url\":\"https:\\\/\\\/poderevigliano.com\\\/nl\\\/lokaal\\\/\",\"name\":\"Wat te doen en te zien in Umbri\u00eb en Toscane &#8226; Podere Vigliano\",\"isPartOf\":{\"@id\":\"https:\\\/\\\/poderevigliano.com\\\/#website\"},\"datePublished\":\"2018-09-11T15:41:21+00:00\",\"dateModified\":\"2026-04-06T10:19:19+00:00\",\"description\":\"Ontdek de vele dagtochten die je kunt maken in Umbrie en Toscane vanuit je ideale vakantiehuis landhuis Podere Vigliano.\",\"breadcrumb\":{\"@id\":\"https:\\\/\\\/poderevigliano.com\\\/nl\\\/lokaal\\\/#breadcrumb\"},\"inLanguage\":\"nl-NL\",\"potentialAction\":[{\"@type\":\"ReadAction\",\"target\":[\"https:\\\/\\\/poderevigliano.com\\\/nl\\\/lokaal\\\/\"]}]},{\"@type\":\"BreadcrumbList\",\"@id\":\"https:\\\/\\\/poderevigliano.com\\\/nl\\\/lokaal\\\/#breadcrumb\",\"itemListElement\":[{\"@type\":\"ListItem\",\"position\":1,\"name\":\"Home\",\"item\":\"https:\\\/\\\/poderevigliano.com\\\/nl\\\/home\\\/\"},{\"@type\":\"ListItem\",\"position\":2,\"name\":\"Lokaal\"}]},{\"@type\":\"WebSite\",\"@id\":\"https:\\\/\\\/poderevigliano.com\\\/#website\",\"url\":\"https:\\\/\\\/poderevigliano.com\\\/\",\"name\":\"Podere Vigliano\",\"description\":\"a charming farmhouse in Umbria\",\"publisher\":{\"@id\":\"https:\\\/\\\/poderevigliano.com\\\/#organization\"},\"potentialAction\":[{\"@type\":\"SearchAction\",\"target\":{\"@type\":\"EntryPoint\",\"urlTemplate\":\"https:\\\/\\\/poderevigliano.com\\\/?s={search_term_string}\"},\"query-input\":{\"@type\":\"PropertyValueSpecification\",\"valueRequired\":true,\"valueName\":\"search_term_string\"}}],\"inLanguage\":\"nl-NL\"},{\"@type\":\"Organization\",\"@id\":\"https:\\\/\\\/poderevigliano.com\\\/#organization\",\"name\":\"Podere Vigliano\",\"url\":\"https:\\\/\\\/poderevigliano.com\\\/\",\"logo\":{\"@type\":\"ImageObject\",\"inLanguage\":\"nl-NL\",\"@id\":\"https:\\\/\\\/poderevigliano.com\\\/#\\\/schema\\\/logo\\\/image\\\/\",\"url\":\"https:\\\/\\\/poderevigliano.com\\\/wp-content\\\/uploads\\\/Podere-Vigliano-Logo.png\",\"contentUrl\":\"https:\\\/\\\/poderevigliano.com\\\/wp-content\\\/uploads\\\/Podere-Vigliano-Logo.png\",\"width\":278,\"height\":133,\"caption\":\"Podere Vigliano\"},\"image\":{\"@id\":\"https:\\\/\\\/poderevigliano.com\\\/#\\\/schema\\\/logo\\\/image\\\/\"},\"sameAs\":[\"https:\\\/\\\/www.facebook.com\\\/Podere.Vigliano.Umbria\"]}]}<\/script>\n<!-- \/ Yoast SEO plugin. -->","yoast_head_json":{"title":"Wat te doen en te zien in Umbri\u00eb en Toscane &#8226; Podere Vigliano","description":"Ontdek de vele dagtochten die je kunt maken in Umbrie en Toscane vanuit je ideale vakantiehuis landhuis Podere Vigliano.","robots":{"index":"index","follow":"follow","max-snippet":"max-snippet:-1","max-image-preview":"max-image-preview:large","max-video-preview":"max-video-preview:-1"},"canonical":"https:\/\/poderevigliano.com\/nl\/lokaal\/","og_locale":"nl_NL","og_type":"article","og_title":"Wat te doen en te zien in Umbri\u00eb en Toscane &#8226; Podere Vigliano","og_description":"Ontdek de vele dagtochten die je kunt maken in Umbrie en Toscane vanuit je ideale vakantiehuis landhuis Podere Vigliano.","og_url":"https:\/\/poderevigliano.com\/nl\/lokaal\/","og_site_name":"Podere Vigliano","article_publisher":"https:\/\/www.facebook.com\/Podere.Vigliano.Umbria","article_modified_time":"2026-04-06T10:19:19+00:00","twitter_card":"summary_large_image","twitter_misc":{"Geschatte leestijd":"4 minuten"},"schema":{"@context":"https:\/\/schema.org","@graph":[{"@type":"WebPage","@id":"https:\/\/poderevigliano.com\/nl\/lokaal\/","url":"https:\/\/poderevigliano.com\/nl\/lokaal\/","name":"Wat te doen en te zien in Umbri\u00eb en Toscane &#8226; Podere Vigliano","isPartOf":{"@id":"https:\/\/poderevigliano.com\/#website"},"datePublished":"2018-09-11T15:41:21+00:00","dateModified":"2026-04-06T10:19:19+00:00","description":"Ontdek de vele dagtochten die je kunt maken in Umbrie en Toscane vanuit je ideale vakantiehuis landhuis Podere Vigliano.","breadcrumb":{"@id":"https:\/\/poderevigliano.com\/nl\/lokaal\/#breadcrumb"},"inLanguage":"nl-NL","potentialAction":[{"@type":"ReadAction","target":["https:\/\/poderevigliano.com\/nl\/lokaal\/"]}]},{"@type":"BreadcrumbList","@id":"https:\/\/poderevigliano.com\/nl\/lokaal\/#breadcrumb","itemListElement":[{"@type":"ListItem","position":1,"name":"Home","item":"https:\/\/poderevigliano.com\/nl\/home\/"},{"@type":"ListItem","position":2,"name":"Lokaal"}]},{"@type":"WebSite","@id":"https:\/\/poderevigliano.com\/#website","url":"https:\/\/poderevigliano.com\/","name":"Podere Vigliano","description":"a charming farmhouse in Umbria","publisher":{"@id":"https:\/\/poderevigliano.com\/#organization"},"potentialAction":[{"@type":"SearchAction","target":{"@type":"EntryPoint","urlTemplate":"https:\/\/poderevigliano.com\/?s={search_term_string}"},"query-input":{"@type":"PropertyValueSpecification","valueRequired":true,"valueName":"search_term_string"}}],"inLanguage":"nl-NL"},{"@type":"Organization","@id":"https:\/\/poderevigliano.com\/#organization","name":"Podere Vigliano","url":"https:\/\/poderevigliano.com\/","logo":{"@type":"ImageObject","inLanguage":"nl-NL","@id":"https:\/\/poderevigliano.com\/#\/schema\/logo\/image\/","url":"https:\/\/poderevigliano.com\/wp-content\/uploads\/Podere-Vigliano-Logo.png","contentUrl":"https:\/\/poderevigliano.com\/wp-content\/uploads\/Podere-Vigliano-Logo.png","width":278,"height":133,"caption":"Podere Vigliano"},"image":{"@id":"https:\/\/poderevigliano.com\/#\/schema\/logo\/image\/"},"sameAs":["https:\/\/www.facebook.com\/Podere.Vigliano.Umbria"]}]}},"_links":{"self":[{"href":"https:\/\/poderevigliano.com\/nl\/wp-json\/wp\/v2\/pages\/2241","targetHints":{"allow":["GET"]}}],"collection":[{"href":"https:\/\/poderevigliano.com\/nl\/wp-json\/wp\/v2\/pages"}],"about":[{"href":"https:\/\/poderevigliano.com\/nl\/wp-json\/wp\/v2\/types\/page"}],"author":[{"embeddable":true,"href":"https:\/\/poderevigliano.com\/nl\/wp-json\/wp\/v2\/users\/2"}],"replies":[{"embeddable":true,"href":"https:\/\/poderevigliano.com\/nl\/wp-json\/wp\/v2\/comments?post=2241"}],"version-history":[{"count":4,"href":"https:\/\/poderevigliano.com\/nl\/wp-json\/wp\/v2\/pages\/2241\/revisions"}],"predecessor-version":[{"id":3250,"href":"https:\/\/poderevigliano.com\/nl\/wp-json\/wp\/v2\/pages\/2241\/revisions\/3250"}],"wp:attachment":[{"href":"https:\/\/poderevigliano.com\/nl\/wp-json\/wp\/v2\/media?parent=2241"}],"curies":[{"name":"wp","href":"https:\/\/api.w.org\/{rel}","templated":true}]}}