{"id":2239,"date":"2018-09-11T05:27:25","date_gmt":"2018-09-11T12:27:25","guid":{"rendered":"https:\/\/poderevigliano.com\/verhaal\/"},"modified":"2026-03-31T02:21:06","modified_gmt":"2026-03-31T09:21:06","slug":"verhaal","status":"publish","type":"page","link":"https:\/\/poderevigliano.com\/nl\/verhaal\/","title":{"rendered":"Verhaal"},"content":{"rendered":"<p>[et_pb_section fb_built=&#8221;1&#8243; fullwidth=&#8221;on&#8221; admin_label=&#8221;Hero&#8221; _builder_version=&#8221;3.9&#8243; custom_padding=&#8221;0px|0px|0px|0px&#8221;][et_pb_fullwidth_header title=&#8221;Het Verhaal&#8221; button_one_text=&#8221;Reserveringen&#8221; button_one_url=&#8221;https:\/\/poderevigliano.com\/nl\/reserveringen\/&#8221; button_two_text=&#8221;Contact&#8221; button_two_url=&#8221;https:\/\/poderevigliano.com\/nl\/contact\/&#8221; background_overlay_color=&#8221;rgba(108,119,85,0)&#8221; content_max_width=&#8221;700px&#8221; admin_label=&#8221;Hero Section&#8221; _builder_version=&#8221;3.13.1&#8243; title_font=&#8221;Alex Brush||||||||&#8221; title_font_size=&#8221;80px&#8221; title_font_size_tablet=&#8221;72px&#8221; title_font_size_phone=&#8221;48px&#8221; title_font_size_last_edited=&#8221;on|phone&#8221; title_line_height=&#8221;1.3em&#8221; title_text_shadow_style=&#8221;preset1&#8243; title_text_shadow_vertical_length=&#8221;0.03em&#8221; title_text_shadow_color=&#8221;rgba(0,0,0,0.82)&#8221; content_font=&#8221;Roboto||||&#8221; content_font_size=&#8221;20px&#8221; content_font_size_tablet=&#8221;18px&#8221; content_font_size_phone=&#8221;16px&#8221; content_font_size_last_edited=&#8221;on|phone&#8221; content_line_height=&#8221;1.7em&#8221; subhead_font=&#8221;||||||||&#8221; background_color=&#8221;#ffffff&#8221; use_background_color_gradient=&#8221;on&#8221; background_color_gradient_start=&#8221;rgba(0,0,0,0)&#8221; background_color_gradient_end=&#8221;rgba(0,0,0,0.24)&#8221; background_color_gradient_overlays_image=&#8221;on&#8221; background_image=&#8221;https:\/\/poderevigliano.com\/wp-content\/uploads\/Podere-Vigliano-Farmhouse-Umbria-exterior-09-1920.jpg&#8221; custom_button_two=&#8221;on&#8221; button_two_font=&#8221;|700|||||||&#8221; button_two_icon=&#8221;%%24%%&#8221; button_two_bg_color_hover=&#8221;rgba(0,0,0,0)&#8221; button_two_border_color_hover=&#8221;#ffffff&#8221; button_two_text_size_phone=&#8221;16px&#8221; button_two_text_size_last_edited=&#8221;on|phone&#8221; custom_button_one=&#8221;on&#8221; button_one_border_radius=&#8221;0px&#8221; button_one_font=&#8221;|700|||||||&#8221; button_one_icon=&#8221;%%24%%&#8221; button_one_icon_color=&#8221;#ffffff&#8221; button_one_text_color_hover=&#8221;#ffffff&#8221; button_one_bg_color_hover=&#8221;rgba(0,0,0,0)&#8221; button_one_border_color_hover=&#8221;#ffffff&#8221; button_one_border_radius_hover=&#8221;0px&#8221; button_one_text_size_phone=&#8221;16px&#8221; button_one_text_size_last_edited=&#8221;on|phone&#8221; box_shadow_style_button_two=&#8221;preset3&#8243; box_shadow_style_button_one=&#8221;preset3&#8243; custom_margin=&#8221;|||&#8221; custom_padding=&#8221;5vw||5vw||true&#8221; custom_padding_tablet=&#8221;60px||60px|&#8221; custom_padding_last_edited=&#8221;off|desktop&#8221; animation_style=&#8221;fade&#8221; animation_direction=&#8221;bottom&#8221; animation_duration=&#8221;800ms&#8221; animation_starting_opacity=&#8221;25%&#8221;]Voel je ge\u00efnspireerd en herboren door de band met het land en de Italiaanse levensstijl.<br \/>\n[\/et_pb_fullwidth_header][\/et_pb_section][et_pb_section fb_built=&#8221;1&#8243; _builder_version=&#8221;3.9&#8243; custom_padding=&#8221;50px|0px|80px|0px|false|false&#8221; bottom_divider_style=&#8221;wave2&#8243; bottom_divider_color=&#8221;#58654b&#8221; bottom_divider_height=&#8221;50px&#8221;][et_pb_row custom_padding=&#8221;30px|0px|0|0px|false|false&#8221; _builder_version=&#8221;3.8&#8243;][et_pb_column type=&#8221;4_4&#8243; _builder_version=&#8221;3.0.47&#8243; parallax=&#8221;off&#8221; parallax_method=&#8221;on&#8221;][et_pb_text _builder_version=&#8221;3.9&#8243; text_font=&#8221;||||||||&#8221; header_2_font=&#8221;||||||||&#8221; header_2_font_size_tablet=&#8221;18px&#8221; header_2_font_size_last_edited=&#8221;on|phone&#8221; header_2_line_height=&#8221;1.5em&#8221; header_3_font=&#8221;Alex Brush||||||||&#8221; header_3_font_size=&#8221;42px&#8221; header_3_line_height=&#8221;1.3em&#8221; text_orientation=&#8221;center&#8221;]<\/p>\n<h2>Het woord aan Susan, de eigenares van Podere Vigliano<\/h2>\n<p>[\/et_pb_text][et_pb_divider color=&#8221;#f7c556&#8243; divider_position=&#8221;center&#8221; divider_weight=&#8221;1px&#8221; height=&#8221;0px&#8221; _builder_version=&#8221;3.10.1&#8243; max_width=&#8221;250px&#8221; module_alignment=&#8221;center&#8221; custom_padding=&#8221;|||&#8221; saved_tabs=&#8221;all&#8221; locked=&#8221;off&#8221;][\/et_pb_divider][et_pb_text _builder_version=&#8221;3.10.1&#8243; text_font=&#8221;||||||||&#8221; text_font_size=&#8221;20px&#8221; text_font_size_tablet=&#8221;18px&#8221; text_font_size_last_edited=&#8221;on|tablet&#8221; custom_margin=&#8221;|||&#8221; custom_margin_tablet=&#8221;||0px|&#8221; custom_margin_last_edited=&#8221;on|tablet&#8221; custom_padding_tablet=&#8221;||0px|&#8221; custom_padding_last_edited=&#8221;on|tablet&#8221;]In de zomer van 2000 reisde ik alleen naar Itali\u00eb, een alleenstaande vrouw, en werd verliefd op Umbri\u00eb en in het bijzonder op dit landgoed, Podere Vigliano. Zonder ook maar een woord Italiaans te kennen, heb ik dit tot mijn thuis gemaakt en ben ik begonnen aan een geweldig avontuur &#8211; het op traditionele wijze restaureren van een 275 jaar oude boerderij.[\/et_pb_text][\/et_pb_column][\/et_pb_row][et_pb_row custom_padding_tablet=&#8221;||0px|&#8221; make_equal=&#8221;on&#8221; custom_padding_last_edited=&#8221;on|tablet&#8221; padding_2_tablet=&#8221;||0px|&#8221; padding_1_last_edited=&#8221;on|tablet&#8221; padding_2_last_edited=&#8221;on|tablet&#8221; module_class_1=&#8221;ds-vertical-align&#8221; module_class_2=&#8221;ds-vertical-align&#8221; _builder_version=&#8221;3.9&#8243; custom_margin_last_edited=&#8221;on|tablet&#8221;][et_pb_column type=&#8221;1_2&#8243; _builder_version=&#8221;3.0.47&#8243; padding_last_edited=&#8221;on|tablet&#8221; parallax=&#8221;off&#8221; parallax_method=&#8221;on&#8221; module_class=&#8221;ds-vertical-align&#8221;][et_pb_text _builder_version=&#8221;3.9&#8243; text_font=&#8221;||||||||&#8221;]Umbri\u00eb heeft mijn leven veranderd. Het landschap is prachtig, maar vooral de Italiaanse mensen stralen de schoonheid, warmte en het rustige tempo van het land uit.<\/p>\n<p>Ik kwam hier na het einde van mijn lange huwelijk waar niemand &#8220;mijn verhaal&#8221; kende. Ik voelde me herboren en vrij en besefte dat ik alles kon doen en zijn wat ik wilde in dit nieuwe huis. Kort daarna overleed mijn voormalige echtgenoot en kwamen de verantwoordelijkheden voor mijn kinderen op de eerste plaats.[\/et_pb_text][\/et_pb_column][et_pb_column type=&#8221;1_2&#8243; _builder_version=&#8221;3.0.47&#8243; padding_tablet=&#8221;||0px|&#8221; padding_last_edited=&#8221;on|tablet&#8221; parallax=&#8221;off&#8221; parallax_method=&#8221;on&#8221; module_class=&#8221;ds-vertical-align&#8221;][et_pb_image src=&#8221;https:\/\/poderevigliano.com\/wp-content\/uploads\/Podere-Vigliano-Farmhouse-Umbria-Susan.jpg&#8221; _builder_version=&#8221;3.11&#8243; box_shadow_style=&#8221;preset3&#8243; custom_padding=&#8221;||30px|&#8221; animation_style=&#8221;slide&#8221; animation_direction=&#8221;right&#8221;][\/et_pb_image][\/et_pb_column][\/et_pb_row][et_pb_row custom_padding_tablet=&#8221;0px|||&#8221; custom_padding_last_edited=&#8221;on|tablet&#8221; padding_1_tablet=&#8221;0px|||&#8221; padding_1_last_edited=&#8221;on|tablet&#8221; _builder_version=&#8221;3.9&#8243; custom_margin_tablet=&#8221;0px|||&#8221; custom_margin_last_edited=&#8221;on|tablet&#8221;][et_pb_column type=&#8221;4_4&#8243; _builder_version=&#8221;3.9&#8243; padding_tablet=&#8221;0px|||&#8221; padding_last_edited=&#8221;on|tablet&#8221; parallax=&#8221;off&#8221; parallax_method=&#8221;on&#8221;][et_pb_text _builder_version=&#8221;3.9&#8243;]Ik vind dat er in een huis geleefd moet worden. Dus begon ik mijn huis te delen met gasten, zoals jij, zodat ze ook de schoonheid en vernieuwing konden ervaren die ik heb genoten. Op deze manier ben ik continu verbonden met mijn huis in Itali\u00eb.<\/p>\n<p>Terwijl ik mijn tomeloze energie altijd in Ironman-triatlons stopte (de 3e plaats in de Hawaiiaanse Ironman is mijn grootste fysieke prestatie), gaat mijn energie nu naar het cultiveren van mijn land, het verfraaien van de boerderij en het op natuurlijke wijze leren van deze gepassioneerde taal.<\/p>\n<p>Ik heb enorm veel inzicht gekregen van mijn Italiaanse buren die op het land werken. Zij aan zij werken tijdens het cultiveren van de moestuin, het verzorgen van de wijngaard en de olijfboomgaard en het verzamelen van de oogst; merk ik, merkwaardig genoeg, dat mijn hernieuwde connectie met het land meegroeit met mijn hart.[\/et_pb_text][\/et_pb_column][\/et_pb_row][et_pb_row make_equal=&#8221;on&#8221; module_class_1=&#8221;ds-vertical-align&#8221; module_class_2=&#8221;ds-vertical-align&#8221; _builder_version=&#8221;3.9&#8243;][et_pb_column type=&#8221;1_2&#8243; _builder_version=&#8221;3.0.47&#8243; parallax=&#8221;off&#8221; parallax_method=&#8221;on&#8221; module_class=&#8221;ds-vertical-align&#8221;][et_pb_image src=&#8221;https:\/\/poderevigliano.com\/wp-content\/uploads\/Podere-Vigliano-Farmhouse-Umbria-Susan-Greg.jpg&#8221; _builder_version=&#8221;3.9&#8243; box_shadow_style=&#8221;preset3&#8243; animation_style=&#8221;slide&#8221; animation_direction=&#8221;left&#8221;][\/et_pb_image][\/et_pb_column][et_pb_column type=&#8221;1_2&#8243; _builder_version=&#8221;3.0.47&#8243; parallax=&#8221;off&#8221; parallax_method=&#8221;on&#8221; module_class=&#8221;ds-vertical-align&#8221;][et_pb_text _builder_version=&#8221;3.9&#8243; text_font=&#8221;||||||||&#8221; custom_margin_last_edited=&#8221;on|tablet&#8221; custom_padding_tablet=&#8221;|||&#8221; custom_padding_last_edited=&#8221;on|tablet&#8221;]Itali\u00eb brengt in iedereen de romantiek naar boven en ik was er vrij zeker van dat ik voor een Italiaan zou vallen en zou trouwen. Zittend op het terras met een glas lokale Sangiovese-wijn, starend naar de warme lichtjes van Monteleone, verlangde ik naar liefde.<\/p>\n<p>Nadat er 12 jaar verstreken waren ontmoette en viel ik voor Greg in de buurt van mijn huis in Noord-Californi\u00eb. Op een van mijn vele reizen naar de boerderij vloog hij van het ene naar het andere continent om op \u00e9\u00e9n knie te gaan en me ten huwelijk te vragen. Ik zei ja! Het was perfect dat zijn liefdesverklaring op datzelfde terras plaats vond waar ik mijn dromen had gedroomd en waar mijn hart zich had geopend.[\/et_pb_text][\/et_pb_column][\/et_pb_row][et_pb_row custom_padding_tablet=&#8221;0px|||&#8221; custom_padding_last_edited=&#8221;on|tablet&#8221; padding_1_tablet=&#8221;0px|||&#8221; padding_1_last_edited=&#8221;on|tablet&#8221; _builder_version=&#8221;3.9&#8243; custom_margin_tablet=&#8221;0px|||&#8221; custom_margin_last_edited=&#8221;on|tablet&#8221;][et_pb_column type=&#8221;4_4&#8243; _builder_version=&#8221;3.9&#8243; padding_tablet=&#8221;0px|||&#8221; padding_last_edited=&#8221;on|tablet&#8221; parallax=&#8221;off&#8221; parallax_method=&#8221;on&#8221;][et_pb_text _builder_version=&#8221;3.9&#8243; inline_fonts=&#8221;Alex Brush&#8221;]Nu heb ik een partner om het prachtige leven hier en in Californi\u00eb mee te delen. Tussen ons twee hebben we vier mooie jongvolwassen kinderen, mijn twee, Steve en Katie; en Greg&#8217;s twee, Kendall en Courtney.<\/p>\n<p>Ik ga zo vaak en zo lang mogelijk naar Itali\u00eb als maar kan. Ik organiseer rondleidingen op maat en geniet ervan om het platteland te verkennen en mijn ontdekkingen met anderen te delen. Ik ben een fervent fietser, zwemmer en liefhebber van het buitenleven die gelooft dat alles wat je buiten doet altijd het beste is. Vandaar dat het leven op het Italiaanse platteland perfect bij mij past.<\/p>\n<p>Ciao,<\/p>\n<p><span style=\"font-family: 'Alex Brush'; font-weight: normal; font-size: xx-large;\">Susan<\/span><br \/>\n[\/et_pb_text][\/et_pb_column][\/et_pb_row][\/et_pb_section]<\/p>\n","protected":false},"excerpt":{"rendered":"<p>Voel je ge\u00efnspireerd en herboren door de band met het land en de Italiaanse levensstijl. Het woord aan Susan, de eigenares van Podere Vigliano In de zomer van 2000 reisde ik alleen naar Itali\u00eb, een alleenstaande vrouw, en werd verliefd op Umbri\u00eb en in het bijzonder op dit landgoed, Podere Vigliano. Zonder ook maar een [&hellip;]<\/p>\n","protected":false},"author":2,"featured_media":0,"parent":0,"menu_order":0,"comment_status":"closed","ping_status":"closed","template":"","meta":{"_et_pb_use_builder":"on","_et_pb_old_content":"","_et_gb_content_width":"","_monsterinsights_skip_tracking":false,"_monsterinsights_sitenote_active":false,"_monsterinsights_sitenote_note":"","_monsterinsights_sitenote_category":0,"footnotes":""},"class_list":["post-2239","page","type-page","status-publish","hentry"],"yoast_head":"<!-- This site is optimized with the Yoast SEO plugin v27.3 - https:\/\/yoast.com\/product\/yoast-seo-wordpress\/ -->\n<title>Het verhaal achter Podere Vigliano<\/title>\n<meta name=\"description\" content=\"Het verhaal van Podere Vigliano zijn eigenares die de 275 jaar oude Italiaanse boerderij renoveerde en van Itali\u00eb haar tweede huis maakte.\" \/>\n<meta name=\"robots\" content=\"index, follow, max-snippet:-1, max-image-preview:large, max-video-preview:-1\" \/>\n<link rel=\"canonical\" href=\"https:\/\/poderevigliano.com\/nl\/verhaal\/\" \/>\n<meta property=\"og:locale\" content=\"nl_NL\" \/>\n<meta property=\"og:type\" content=\"article\" \/>\n<meta property=\"og:title\" content=\"Het verhaal achter Podere Vigliano\" \/>\n<meta property=\"og:description\" content=\"Het verhaal van Podere Vigliano zijn eigenares die de 275 jaar oude Italiaanse boerderij renoveerde en van Itali\u00eb haar tweede huis maakte.\" \/>\n<meta property=\"og:url\" content=\"https:\/\/poderevigliano.com\/nl\/verhaal\/\" \/>\n<meta property=\"og:site_name\" content=\"Podere Vigliano\" \/>\n<meta property=\"article:publisher\" content=\"https:\/\/www.facebook.com\/Podere.Vigliano.Umbria\" \/>\n<meta property=\"article:modified_time\" content=\"2026-03-31T09:21:06+00:00\" \/>\n<meta name=\"twitter:card\" content=\"summary_large_image\" \/>\n<meta name=\"twitter:label1\" content=\"Geschatte leestijd\" \/>\n\t<meta name=\"twitter:data1\" content=\"7 minuten\" \/>\n<script type=\"application\/ld+json\" class=\"yoast-schema-graph\">{\"@context\":\"https:\\\/\\\/schema.org\",\"@graph\":[{\"@type\":\"WebPage\",\"@id\":\"https:\\\/\\\/poderevigliano.com\\\/nl\\\/verhaal\\\/\",\"url\":\"https:\\\/\\\/poderevigliano.com\\\/nl\\\/verhaal\\\/\",\"name\":\"Het verhaal achter Podere Vigliano\",\"isPartOf\":{\"@id\":\"https:\\\/\\\/poderevigliano.com\\\/#website\"},\"datePublished\":\"2018-09-11T12:27:25+00:00\",\"dateModified\":\"2026-03-31T09:21:06+00:00\",\"description\":\"Het verhaal van Podere Vigliano zijn eigenares die de 275 jaar oude Italiaanse boerderij renoveerde en van Itali\u00eb haar tweede huis maakte.\",\"breadcrumb\":{\"@id\":\"https:\\\/\\\/poderevigliano.com\\\/nl\\\/verhaal\\\/#breadcrumb\"},\"inLanguage\":\"nl-NL\",\"potentialAction\":[{\"@type\":\"ReadAction\",\"target\":[\"https:\\\/\\\/poderevigliano.com\\\/nl\\\/verhaal\\\/\"]}]},{\"@type\":\"BreadcrumbList\",\"@id\":\"https:\\\/\\\/poderevigliano.com\\\/nl\\\/verhaal\\\/#breadcrumb\",\"itemListElement\":[{\"@type\":\"ListItem\",\"position\":1,\"name\":\"Home\",\"item\":\"https:\\\/\\\/poderevigliano.com\\\/nl\\\/home\\\/\"},{\"@type\":\"ListItem\",\"position\":2,\"name\":\"Verhaal\"}]},{\"@type\":\"WebSite\",\"@id\":\"https:\\\/\\\/poderevigliano.com\\\/#website\",\"url\":\"https:\\\/\\\/poderevigliano.com\\\/\",\"name\":\"Podere Vigliano\",\"description\":\"a charming farmhouse in Umbria\",\"publisher\":{\"@id\":\"https:\\\/\\\/poderevigliano.com\\\/#organization\"},\"potentialAction\":[{\"@type\":\"SearchAction\",\"target\":{\"@type\":\"EntryPoint\",\"urlTemplate\":\"https:\\\/\\\/poderevigliano.com\\\/?s={search_term_string}\"},\"query-input\":{\"@type\":\"PropertyValueSpecification\",\"valueRequired\":true,\"valueName\":\"search_term_string\"}}],\"inLanguage\":\"nl-NL\"},{\"@type\":\"Organization\",\"@id\":\"https:\\\/\\\/poderevigliano.com\\\/#organization\",\"name\":\"Podere Vigliano\",\"url\":\"https:\\\/\\\/poderevigliano.com\\\/\",\"logo\":{\"@type\":\"ImageObject\",\"inLanguage\":\"nl-NL\",\"@id\":\"https:\\\/\\\/poderevigliano.com\\\/#\\\/schema\\\/logo\\\/image\\\/\",\"url\":\"https:\\\/\\\/poderevigliano.com\\\/wp-content\\\/uploads\\\/Podere-Vigliano-Logo.png\",\"contentUrl\":\"https:\\\/\\\/poderevigliano.com\\\/wp-content\\\/uploads\\\/Podere-Vigliano-Logo.png\",\"width\":278,\"height\":133,\"caption\":\"Podere Vigliano\"},\"image\":{\"@id\":\"https:\\\/\\\/poderevigliano.com\\\/#\\\/schema\\\/logo\\\/image\\\/\"},\"sameAs\":[\"https:\\\/\\\/www.facebook.com\\\/Podere.Vigliano.Umbria\"]}]}<\/script>\n<!-- \/ Yoast SEO plugin. -->","yoast_head_json":{"title":"Het verhaal achter Podere Vigliano","description":"Het verhaal van Podere Vigliano zijn eigenares die de 275 jaar oude Italiaanse boerderij renoveerde en van Itali\u00eb haar tweede huis maakte.","robots":{"index":"index","follow":"follow","max-snippet":"max-snippet:-1","max-image-preview":"max-image-preview:large","max-video-preview":"max-video-preview:-1"},"canonical":"https:\/\/poderevigliano.com\/nl\/verhaal\/","og_locale":"nl_NL","og_type":"article","og_title":"Het verhaal achter Podere Vigliano","og_description":"Het verhaal van Podere Vigliano zijn eigenares die de 275 jaar oude Italiaanse boerderij renoveerde en van Itali\u00eb haar tweede huis maakte.","og_url":"https:\/\/poderevigliano.com\/nl\/verhaal\/","og_site_name":"Podere Vigliano","article_publisher":"https:\/\/www.facebook.com\/Podere.Vigliano.Umbria","article_modified_time":"2026-03-31T09:21:06+00:00","twitter_card":"summary_large_image","twitter_misc":{"Geschatte leestijd":"7 minuten"},"schema":{"@context":"https:\/\/schema.org","@graph":[{"@type":"WebPage","@id":"https:\/\/poderevigliano.com\/nl\/verhaal\/","url":"https:\/\/poderevigliano.com\/nl\/verhaal\/","name":"Het verhaal achter Podere Vigliano","isPartOf":{"@id":"https:\/\/poderevigliano.com\/#website"},"datePublished":"2018-09-11T12:27:25+00:00","dateModified":"2026-03-31T09:21:06+00:00","description":"Het verhaal van Podere Vigliano zijn eigenares die de 275 jaar oude Italiaanse boerderij renoveerde en van Itali\u00eb haar tweede huis maakte.","breadcrumb":{"@id":"https:\/\/poderevigliano.com\/nl\/verhaal\/#breadcrumb"},"inLanguage":"nl-NL","potentialAction":[{"@type":"ReadAction","target":["https:\/\/poderevigliano.com\/nl\/verhaal\/"]}]},{"@type":"BreadcrumbList","@id":"https:\/\/poderevigliano.com\/nl\/verhaal\/#breadcrumb","itemListElement":[{"@type":"ListItem","position":1,"name":"Home","item":"https:\/\/poderevigliano.com\/nl\/home\/"},{"@type":"ListItem","position":2,"name":"Verhaal"}]},{"@type":"WebSite","@id":"https:\/\/poderevigliano.com\/#website","url":"https:\/\/poderevigliano.com\/","name":"Podere Vigliano","description":"a charming farmhouse in Umbria","publisher":{"@id":"https:\/\/poderevigliano.com\/#organization"},"potentialAction":[{"@type":"SearchAction","target":{"@type":"EntryPoint","urlTemplate":"https:\/\/poderevigliano.com\/?s={search_term_string}"},"query-input":{"@type":"PropertyValueSpecification","valueRequired":true,"valueName":"search_term_string"}}],"inLanguage":"nl-NL"},{"@type":"Organization","@id":"https:\/\/poderevigliano.com\/#organization","name":"Podere Vigliano","url":"https:\/\/poderevigliano.com\/","logo":{"@type":"ImageObject","inLanguage":"nl-NL","@id":"https:\/\/poderevigliano.com\/#\/schema\/logo\/image\/","url":"https:\/\/poderevigliano.com\/wp-content\/uploads\/Podere-Vigliano-Logo.png","contentUrl":"https:\/\/poderevigliano.com\/wp-content\/uploads\/Podere-Vigliano-Logo.png","width":278,"height":133,"caption":"Podere Vigliano"},"image":{"@id":"https:\/\/poderevigliano.com\/#\/schema\/logo\/image\/"},"sameAs":["https:\/\/www.facebook.com\/Podere.Vigliano.Umbria"]}]}},"_links":{"self":[{"href":"https:\/\/poderevigliano.com\/nl\/wp-json\/wp\/v2\/pages\/2239","targetHints":{"allow":["GET"]}}],"collection":[{"href":"https:\/\/poderevigliano.com\/nl\/wp-json\/wp\/v2\/pages"}],"about":[{"href":"https:\/\/poderevigliano.com\/nl\/wp-json\/wp\/v2\/types\/page"}],"author":[{"embeddable":true,"href":"https:\/\/poderevigliano.com\/nl\/wp-json\/wp\/v2\/users\/2"}],"replies":[{"embeddable":true,"href":"https:\/\/poderevigliano.com\/nl\/wp-json\/wp\/v2\/comments?post=2239"}],"version-history":[{"count":1,"href":"https:\/\/poderevigliano.com\/nl\/wp-json\/wp\/v2\/pages\/2239\/revisions"}],"predecessor-version":[{"id":2731,"href":"https:\/\/poderevigliano.com\/nl\/wp-json\/wp\/v2\/pages\/2239\/revisions\/2731"}],"wp:attachment":[{"href":"https:\/\/poderevigliano.com\/nl\/wp-json\/wp\/v2\/media?parent=2239"}],"curies":[{"name":"wp","href":"https:\/\/api.w.org\/{rel}","templated":true}]}}