{"id":2301,"date":"2018-09-17T03:46:17","date_gmt":"2018-09-17T10:46:17","guid":{"rendered":"https:\/\/poderevigliano.com\/preise-bedingungen\/"},"modified":"2026-04-03T02:46:57","modified_gmt":"2026-04-03T09:46:57","slug":"preise-bedingungen","status":"publish","type":"page","link":"https:\/\/poderevigliano.com\/de\/preise-bedingungen\/","title":{"rendered":"Preise &amp; Konditionen"},"content":{"rendered":"<p>[et_pb_section fb_built=&#8220;1&#8243; fullwidth=&#8220;on&#8220; admin_label=&#8220;Hero&#8220; _builder_version=&#8220;4.16&#8243; custom_padding=&#8220;0px|0px|0px|0px&#8220; global_colors_info=&#8220;{}&#8220;][et_pb_fullwidth_header title=&#8220;Preise &#038; Konditionen&#8220; button_one_text=&#8220;Reservations&#8220; button_one_url=&#8220;https:\/\/poderevigliano.com\/reservations\/&#8220; button_two_text=&#8220;Contact&#8220; button_two_url=&#8220;https:\/\/poderevigliano.com\/contact\/&#8220; background_overlay_color=&#8220;rgba(108,119,85,0)&#8220; content_max_width=&#8220;700px&#8220; admin_label=&#8220;Hero Section&#8220; _builder_version=&#8220;4.27.6&#8243; title_font=&#8220;Alex Brush||||||||&#8220; title_font_size=&#8220;80px&#8220; title_line_height=&#8220;1.3em&#8220; content_font=&#8220;Roboto||||&#8220; content_font_size=&#8220;20px&#8220; content_line_height=&#8220;1.7em&#8220; subhead_font=&#8220;||||||||&#8220; background_color=&#8220;#ffffff&#8220; use_background_color_gradient=&#8220;on&#8220; background_color_gradient_stops=&#8220;rgba(0,0,0,0) 0%|rgba(0,0,0,0.24) 100%&#8220; background_color_gradient_overlays_image=&#8220;on&#8220; background_color_gradient_start=&#8220;rgba(0,0,0,0)&#8220; background_color_gradient_end=&#8220;rgba(0,0,0,0.24)&#8220; background_image=&#8220;https:\/\/poderevigliano.com\/wp-content\/uploads\/Podere-Vigliano-Farmhouse-Umbria-rates-header.jpg&#8220; custom_button_one=&#8220;on&#8220; button_one_border_radius=&#8220;0px&#8220; button_one_font=&#8220;|700|||||||&#8220; button_one_icon_color=&#8220;#ffffff&#8220; custom_button_two=&#8220;on&#8220; button_two_font=&#8220;|700|||||||&#8220; custom_margin=&#8220;|||&#8220; custom_padding=&#8220;5vw||5vw||true&#8220; custom_padding_tablet=&#8220;60px||60px|&#8220; custom_padding_last_edited=&#8220;off|desktop&#8220; animation_style=&#8220;fade&#8220; animation_direction=&#8220;bottom&#8220; animation_duration=&#8220;800ms&#8220; animation_starting_opacity=&#8220;25%&#8220; title_font_size_tablet=&#8220;72px&#8220; title_font_size_phone=&#8220;48px&#8220; title_font_size_last_edited=&#8220;on|phone&#8220; content_font_size_tablet=&#8220;18px&#8220; content_font_size_phone=&#8220;16px&#8220; content_font_size_last_edited=&#8220;on|phone&#8220; button_one_text_size_tablet=&#8220;&#8220; button_one_text_size_phone=&#8220;16px&#8220; button_one_text_size_last_edited=&#8220;on|phone&#8220; button_two_text_size_tablet=&#8220;&#8220; button_two_text_size_phone=&#8220;16px&#8220; button_two_text_size_last_edited=&#8220;on|phone&#8220; title_text_shadow_style=&#8220;preset1&#8243; title_text_shadow_vertical_length=&#8220;0.03em&#8220; title_text_shadow_color=&#8220;rgba(0,0,0,0.82)&#8220; box_shadow_style_button_one=&#8220;preset3&#8243; box_shadow_style_button_two=&#8220;preset3&#8243; button_one_text_color_hover=&#8220;#ffffff&#8220; button_one_border_color_hover=&#8220;#ffffff&#8220; button_two_border_color_hover=&#8220;#ffffff&#8220; button_one_border_radius_hover=&#8220;0px&#8220; button_one_bg_color_hover=&#8220;rgba(0,0,0,0)&#8220; button_two_bg_color_hover=&#8220;rgba(0,0,0,0)&#8220; global_colors_info=&#8220;{}&#8220; button_one_text_size__hover_enabled=&#8220;off&#8220; button_two_text_size__hover_enabled=&#8220;off&#8220; button_one_text_color__hover_enabled=&#8220;on&#8220; button_one_text_color__hover=&#8220;#ffffff&#8220; button_two_text_color__hover_enabled=&#8220;off&#8220; button_one_border_width__hover_enabled=&#8220;off&#8220; button_two_border_width__hover_enabled=&#8220;off&#8220; button_one_border_color__hover_enabled=&#8220;on&#8220; button_one_border_color__hover=&#8220;#ffffff&#8220; button_two_border_color__hover_enabled=&#8220;on&#8220; button_two_border_color__hover=&#8220;#ffffff&#8220; button_one_border_radius__hover_enabled=&#8220;on&#8220; button_one_border_radius__hover=&#8220;0px&#8220; button_two_border_radius__hover_enabled=&#8220;off&#8220; button_one_letter_spacing__hover_enabled=&#8220;off&#8220; button_two_letter_spacing__hover_enabled=&#8220;off&#8220; button_one_bg_color__hover_enabled=&#8220;on&#8220; button_one_bg_color__hover=&#8220;rgba(0,0,0,0)&#8220; button_two_bg_color__hover_enabled=&#8220;on&#8220; button_two_bg_color__hover=&#8220;rgba(0,0,0,0)&#8220;]<\/p>\n<p>Wir laden Sie zu uns ein, die La Dolce Vita zu leben.<\/p>\n<p>&nbsp;<\/p>\n<p>[\/et_pb_fullwidth_header][\/et_pb_section][et_pb_section fb_built=&#8220;1&#8243; _builder_version=&#8220;4.16&#8243; custom_padding=&#8220;50px|0px|50px|0px|false|false&#8220; global_colors_info=&#8220;{}&#8220;][et_pb_row custom_padding_last_edited=&#8220;on|tablet&#8220; _builder_version=&#8220;4.16&#8243; custom_margin_tablet=&#8220;0px|||&#8220; custom_margin_phone=&#8220;&#8220; custom_margin_last_edited=&#8220;on|tablet&#8220; custom_padding=&#8220;|||&#8220; custom_padding_tablet=&#8220;0px||0px|&#8220; custom_padding_phone=&#8220;&#8220; global_colors_info=&#8220;{}&#8220;][et_pb_column type=&#8220;4_4&#8243; _builder_version=&#8220;4.16&#8243; custom_padding=&#8220;|||&#8220; custom_padding_tablet=&#8220;0px||0px|&#8220; custom_padding_phone=&#8220;&#8220; custom_padding_last_edited=&#8220;on|tablet&#8220; global_colors_info=&#8220;{}&#8220; padding_tablet=&#8220;0px||0px|&#8220; padding_last_edited=&#8220;on|tablet&#8220; custom_padding__hover=&#8220;|||&#8220; padding_phone=&#8220;0px||0px|&#8220;][et_pb_text _builder_version=&#8220;4.16&#8243; header_font=&#8220;||||||||&#8220; header_2_font=&#8220;||||||||&#8220; header_2_text_align=&#8220;center&#8220; global_colors_info=&#8220;{}&#8220;]<\/p>\n<h2>Preise<\/h2>\n<p>[\/et_pb_text][et_pb_divider color=&#8220;#f7c556&#8243; divider_position=&#8220;center&#8220; divider_weight=&#8220;1px&#8220; _builder_version=&#8220;4.16&#8243; max_width=&#8220;250px&#8220; module_alignment=&#8220;center&#8220; height=&#8220;0px&#8220; custom_padding=&#8220;|||&#8220; saved_tabs=&#8220;all&#8220; locked=&#8220;off&#8220; global_colors_info=&#8220;{}&#8220;]<\/p>\n<p>[\/et_pb_divider][\/et_pb_column][\/et_pb_row][et_pb_row _builder_version=&#8220;4.16&#8243; custom_padding=&#8220;|||&#8220; use_custom_width=&#8220;on&#8220; global_colors_info=&#8220;{}&#8220;][et_pb_column type=&#8220;4_4&#8243; _builder_version=&#8220;4.16&#8243; custom_padding=&#8220;|||&#8220; global_colors_info=&#8220;{}&#8220; custom_padding__hover=&#8220;|||&#8220;][et_pb_text _builder_version=&#8220;4.16&#8243; global_colors_info=&#8220;{}&#8220;]Der typische Aufenthalt betr\u00e4gt eine Woche oder mehr. Ein k\u00fcrzerer Aufenthalt mit einem Minimum von 3 N\u00e4chten ist auf Anfrage m\u00f6glich. Sie k\u00f6nnen auch zus\u00e4tzliche N\u00e4chte zu Ihrem w\u00f6chentlichen Aufenthalt hinzuf\u00fcgen.[\/et_pb_text][\/et_pb_column][\/et_pb_row][et_pb_row disabled_on=&#8220;on|on|off&#8220; admin_label=&#8220;Price table&#8220; _builder_version=&#8220;4.27.6&#8243; custom_padding=&#8220;27px|0px|0|0px|false|false&#8220; use_custom_width=&#8220;on&#8220; locked=&#8220;off&#8220; global_colors_info=&#8220;{}&#8220;][et_pb_column type=&#8220;4_4&#8243; _builder_version=&#8220;4.16&#8243; custom_padding=&#8220;|||&#8220; global_colors_info=&#8220;{}&#8220; custom_padding__hover=&#8220;|||&#8220;][et_pb_text content_tablet=&#8220;&#8220; content_phone=&#8220;&#8220; content_last_edited=&#8220;on|phone&#8220; _builder_version=&#8220;4.27.6&#8243; text_font=&#8220;||||||||&#8220; hover_enabled=&#8220;0&#8243; inline_fonts=&#8220;Arial&#8220; global_colors_info=&#8220;{}&#8220; sticky_enabled=&#8220;0&#8243;]<\/p>\n<table class=\"responsive\">\n<tbody>\n<tr style=\"background-color: #dddddd;\">\n<td style=\"background-color: #ffffff; width: 231px;\">\u00a0<\/td>\n<td style=\"background-color: #f7c556; width: 103px;\"><strong>W\u00f6chentlich<\/strong><\/td>\n<td style=\"background-color: #f7c556; width: 118px;\"><strong>Pro Nacht<br \/>(min. 3 N\u00e4chte)<\/strong><\/td>\n<\/tr>\n<tr style=\"background-color: #ffebc6;\">\n<td style=\"width: 231px;\"><strong>Super-Hochsaison<\/strong><br \/>1. Juni \u2013 31. Oktober 2026<\/td>\n<td style=\"width: 103px;\"><strong><br \/>$5.640 USD<br \/><\/strong><\/td>\n<td style=\"width: 118px;\"><strong><br \/>$895 USD<br \/><\/strong><\/td>\n<\/tr>\n<tr style=\"background-color: #fef7e7;\">\n<td style=\"width: 231px;\"><strong>Hochsaison<\/strong><br \/>1. April \u2013 31. Mai 2026<br \/>20. Dezember 2026 \u2013 7. Januar 2027<\/td>\n<td style=\"width: 103px;\"><strong><br \/>$5.200 USD<br \/>$5.200 USD<br \/><\/strong><\/td>\n<td style=\"width: 118px;\"><strong><br \/>$825 USD<br \/>$825 USD<br \/><\/strong><\/td>\n<\/tr>\n<tr style=\"background-color: #ffebc6;\">\n<td style=\"width: 231px;\"><strong>Nebensaison<\/strong><br \/>8. Januar \u2013 31. Marsch 2026<br \/>1. November \u2013 20. Dezember 2026<\/td>\n<td style=\"width: 103px;\"><strong><br \/>$4.575 USD<br \/>$4.575 USD<br \/><\/strong><\/td>\n<td style=\"width: 118px;\"><strong><br \/>$725 USD<br \/>$725 USD<br \/><\/strong><\/td>\n<\/tr>\n<\/tbody>\n<\/table>\n<p>[\/et_pb_text][\/et_pb_column][\/et_pb_row][et_pb_row use_custom_gutter=&#8220;on&#8220; gutter_width=&#8220;0&#8243; padding_top_bottom_link_1=&#8220;true&#8220; disabled_on=&#8220;off|off|on&#8220; _builder_version=&#8220;4.16&#8243; background_color=&#8220;#ffebc6&#8243; custom_margin=&#8220;0px||0px||true&#8220; custom_padding=&#8220;0px||0px||true|false&#8220; locked=&#8220;off&#8220; global_colors_info=&#8220;{}&#8220;][et_pb_column type=&#8220;4_4&#8243; _builder_version=&#8220;4.16&#8243; custom_padding=&#8220;0px||0px|&#8220; global_colors_info=&#8220;{}&#8220; custom_padding__hover=&#8220;|||&#8220;][et_pb_text _builder_version=&#8220;4.27.6&#8243; text_font=&#8220;||||||||&#8220; custom_padding=&#8220;20px|20px|20px|20px|true|true&#8220; global_colors_info=&#8220;{}&#8220;]Super-Hochsaison<br \/>\n1. Juni \u2013 31. Oktober 2026<br \/>\nW\u00f6chentlich: $5.640 USD<br \/>\nPro Nacht: $895 USD (min. 3 N\u00e4chte)[\/et_pb_text][\/et_pb_column][\/et_pb_row][et_pb_row use_custom_gutter=&#8220;on&#8220; gutter_width=&#8220;0&#8243; padding_top_bottom_link_1=&#8220;true&#8220; disabled_on=&#8220;off|off|on&#8220; _builder_version=&#8220;4.16&#8243; background_color=&#8220;#fef7e7&#8243; custom_margin=&#8220;0px||0px||true&#8220; custom_padding=&#8220;0px||0px||true|false&#8220; locked=&#8220;off&#8220; global_colors_info=&#8220;{}&#8220;][et_pb_column type=&#8220;4_4&#8243; _builder_version=&#8220;4.16&#8243; custom_padding=&#8220;0px||0px|&#8220; global_colors_info=&#8220;{}&#8220; custom_padding__hover=&#8220;|||&#8220;][et_pb_text _builder_version=&#8220;4.27.6&#8243; text_font=&#8220;||||||||&#8220; custom_padding=&#8220;20px|20px|20px|20px|true|true&#8220; global_colors_info=&#8220;{}&#8220;]<strong>Hochsaison<\/strong><br \/>\n1. April \u2013 31. Mai 2026<br \/>\n20. Dezember 2026 \u2013 7. Januar 2027<br \/>\nW\u00f6chentlich: $5.200 USD<br \/>\nPro Nacht: $825 USD (min. 3 N\u00e4chte)[\/et_pb_text][\/et_pb_column][\/et_pb_row][et_pb_row use_custom_gutter=&#8220;on&#8220; gutter_width=&#8220;0&#8243; padding_top_bottom_link_1=&#8220;true&#8220; disabled_on=&#8220;off|off|on&#8220; _builder_version=&#8220;4.16&#8243; background_color=&#8220;#ffebc6&#8243; custom_margin=&#8220;0px||0px||true&#8220; custom_padding=&#8220;0px||0px||true|false&#8220; locked=&#8220;off&#8220; global_colors_info=&#8220;{}&#8220;][et_pb_column type=&#8220;4_4&#8243; _builder_version=&#8220;4.16&#8243; custom_padding=&#8220;0px||0px|&#8220; global_colors_info=&#8220;{}&#8220; custom_padding__hover=&#8220;|||&#8220;][et_pb_text _builder_version=&#8220;4.27.6&#8243; text_font=&#8220;||||||||&#8220; custom_padding=&#8220;20px|20px|20px|20px|true|true&#8220; global_colors_info=&#8220;{}&#8220;]<strong>Nebensaison<\/strong><br \/>\n8. Januar \u2013 31. Marsch 2026<br \/>\n1. November \u2013 20. Dezember 2026<br \/>\nW\u00f6chentlich: $4.575 USD<br \/>\nPro Nacht: $725 USD (min. 3 N\u00e4chte)[\/et_pb_text][\/et_pb_column][\/et_pb_row][\/et_pb_section][et_pb_section fb_built=&#8220;1&#8243; admin_label=&#8220;Booking Terms &#038; Conditions&#8220; _builder_version=&#8220;4.27.6&#8243; custom_padding=&#8220;13px|0px|80px|0px|false|false&#8220; top_divider_color=&#8220;rgba(0,0,0,0)&#8220; bottom_divider_style=&#8220;wave2&#8243; bottom_divider_color=&#8220;#58654b&#8220; bottom_divider_height=&#8220;50px&#8220; global_colors_info=&#8220;{}&#8220;][et_pb_row custom_padding_last_edited=&#8220;on|tablet&#8220; _builder_version=&#8220;4.16&#8243; custom_margin_tablet=&#8220;&#8220; custom_margin_phone=&#8220;&#8220; custom_margin_last_edited=&#8220;on|tablet&#8220; custom_padding=&#8220;50px|0px|27px|0px|false|false&#8220; custom_padding_tablet=&#8220;0px||0px|&#8220; custom_padding_phone=&#8220;&#8220; global_colors_info=&#8220;{}&#8220;][et_pb_column type=&#8220;4_4&#8243; _builder_version=&#8220;4.16&#8243; custom_padding=&#8220;|||&#8220; custom_padding_tablet=&#8220;&#8220; custom_padding_phone=&#8220;&#8220; custom_padding_last_edited=&#8220;on|tablet&#8220; global_colors_info=&#8220;{}&#8220; padding_last_edited=&#8220;on|tablet&#8220; custom_padding__hover=&#8220;|||&#8220;][et_pb_text _builder_version=&#8220;4.16&#8243; header_font=&#8220;||||||||&#8220; header_2_font=&#8220;||||||||&#8220; header_2_text_align=&#8220;center&#8220; global_colors_info=&#8220;{}&#8220;]<\/p>\n<h2>Allgemeine Gesch\u00e4ftsbedingungen f\u00fcr Reservierungen<\/h2>\n<p>[\/et_pb_text][et_pb_divider color=&#8220;#f7c556&#8243; divider_position=&#8220;center&#8220; divider_weight=&#8220;1px&#8220; _builder_version=&#8220;4.16&#8243; max_width=&#8220;250px&#8220; module_alignment=&#8220;center&#8220; height=&#8220;0px&#8220; custom_padding=&#8220;|||&#8220; saved_tabs=&#8220;all&#8220; locked=&#8220;off&#8220; global_colors_info=&#8220;{}&#8220;]<\/p>\n<p>[\/et_pb_divider][\/et_pb_column][\/et_pb_row][et_pb_row _builder_version=&#8220;4.16&#8243; custom_padding=&#8220;|||&#8220; global_colors_info=&#8220;{}&#8220;][et_pb_column type=&#8220;4_4&#8243; _builder_version=&#8220;4.16&#8243; custom_padding=&#8220;|||&#8220; global_colors_info=&#8220;{}&#8220; custom_padding__hover=&#8220;|||&#8220;][et_pb_text _builder_version=&#8220;4.27.6&#8243; global_colors_info=&#8220;{}&#8220;]Die Miete verl\u00e4uft auf w\u00f6chentlicher Basis, je von Samstag ab 15 Uhr bis zum darauffolgenden Sonntag bis 10 Uhr morgens. Mehrw\u00f6chige Aufenthalte sowie Tarife pro \u00dcbernachtung sind oben aufgelistet und gelten ab einem Mindestaufenthalt von 3 N\u00e4chten. <\/p>\n<p>Eine Anzahlung in H\u00f6he von 30 % best\u00e4tigt die Reservierung.<\/p>\n<p>Der f\u00e4llige Rechnungsbetrag muss innerhalb von 30 Tagen vor der Ankunft beglichen werden. Ab dem Moment der Einzahlung ist die Reservierung 10 Tage lang g\u00fcltig. <\/p>\n<p>Wir akzeptieren PayPal, Bank\u00fcberweisung, Venmo, Zelle und Bankschecks.<\/p>\n<p>Der Mietpreis beinhaltet die Stromnutzung, Heizkosten und die Endreinigung. Es wird keine Kaution erhoben.<br \/>\nIm Falle einer Stornierung kann die Zahlung zur\u00fcckerstattet werden, sofern die Reservierung umgebucht wird. Die Zahlung kann zu einem sp\u00e4teren Termin verwendet werden.  <\/p>\n<p>Untervermietung ist nicht gestattet.[\/et_pb_text][\/et_pb_column][\/et_pb_row][\/et_pb_section]<\/p>\n","protected":false},"excerpt":{"rendered":"<p>Wir laden Sie zu uns ein, die La Dolce Vita zu leben. &nbsp;Preise Der typische Aufenthalt betr\u00e4gt eine Woche oder mehr. Ein k\u00fcrzerer Aufenthalt mit einem Minimum von 3 N\u00e4chten ist auf Anfrage m\u00f6glich. Sie k\u00f6nnen auch zus\u00e4tzliche N\u00e4chte zu Ihrem w\u00f6chentlichen Aufenthalt hinzuf\u00fcgen. \u00a0 W\u00f6chentlich Pro Nacht(min. 3 N\u00e4chte) Super-Hochsaison1. Juni \u2013 31. Oktober [&hellip;]<\/p>\n","protected":false},"author":2,"featured_media":0,"parent":0,"menu_order":0,"comment_status":"closed","ping_status":"closed","template":"","meta":{"_et_pb_use_builder":"on","_et_pb_old_content":"","_et_gb_content_width":"","_monsterinsights_skip_tracking":false,"_monsterinsights_sitenote_active":false,"_monsterinsights_sitenote_note":"","_monsterinsights_sitenote_category":0,"footnotes":""},"class_list":["post-2301","page","type-page","status-publish","hentry"],"yoast_head":"<!-- This site is optimized with the Yoast SEO plugin v27.3 - https:\/\/yoast.com\/product\/yoast-seo-wordpress\/ -->\n<title>Preise &amp; Konditionen &#8226; Podere Vigliano<\/title>\n<meta name=\"description\" content=\"Wir laden Sie ein, bei uns zu wohnen und La Dolce Vita zu leben. Der typische Aufenthalt betr\u00e4gt eine Woche oder mehr. Ein k\u00fcrzerer Aufenthalt kann auf Anfrage m\u00f6glich sein. Pr\u00fcfen Sie unsere Preise.\" \/>\n<meta name=\"robots\" content=\"index, follow, max-snippet:-1, max-image-preview:large, max-video-preview:-1\" \/>\n<link rel=\"canonical\" href=\"https:\/\/poderevigliano.com\/de\/preise-bedingungen\/\" \/>\n<meta property=\"og:locale\" content=\"de_DE\" \/>\n<meta property=\"og:type\" content=\"article\" \/>\n<meta property=\"og:title\" content=\"Preise &amp; Konditionen &#8226; Podere Vigliano\" \/>\n<meta property=\"og:description\" content=\"Wir laden Sie ein, bei uns zu wohnen und La Dolce Vita zu leben. Der typische Aufenthalt betr\u00e4gt eine Woche oder mehr. Ein k\u00fcrzerer Aufenthalt kann auf Anfrage m\u00f6glich sein. Pr\u00fcfen Sie unsere Preise.\" \/>\n<meta property=\"og:url\" content=\"https:\/\/poderevigliano.com\/de\/preise-bedingungen\/\" \/>\n<meta property=\"og:site_name\" content=\"Podere Vigliano\" \/>\n<meta property=\"article:publisher\" content=\"https:\/\/www.facebook.com\/Podere.Vigliano.Umbria\" \/>\n<meta property=\"article:modified_time\" content=\"2026-04-03T09:46:57+00:00\" \/>\n<meta name=\"twitter:card\" content=\"summary_large_image\" \/>\n<meta name=\"twitter:label1\" content=\"Gesch\u00e4tzte Lesezeit\" \/>\n\t<meta name=\"twitter:data1\" content=\"2\u00a0Minuten\" \/>\n<script type=\"application\/ld+json\" class=\"yoast-schema-graph\">{\"@context\":\"https:\\\/\\\/schema.org\",\"@graph\":[{\"@type\":\"WebPage\",\"@id\":\"https:\\\/\\\/poderevigliano.com\\\/de\\\/preise-bedingungen\\\/\",\"url\":\"https:\\\/\\\/poderevigliano.com\\\/de\\\/preise-bedingungen\\\/\",\"name\":\"Preise &amp; Konditionen &#8226; Podere Vigliano\",\"isPartOf\":{\"@id\":\"https:\\\/\\\/poderevigliano.com\\\/#website\"},\"datePublished\":\"2018-09-17T10:46:17+00:00\",\"dateModified\":\"2026-04-03T09:46:57+00:00\",\"description\":\"Wir laden Sie ein, bei uns zu wohnen und La Dolce Vita zu leben. Der typische Aufenthalt betr\u00e4gt eine Woche oder mehr. Ein k\u00fcrzerer Aufenthalt kann auf Anfrage m\u00f6glich sein. Pr\u00fcfen Sie unsere Preise.\",\"breadcrumb\":{\"@id\":\"https:\\\/\\\/poderevigliano.com\\\/de\\\/preise-bedingungen\\\/#breadcrumb\"},\"inLanguage\":\"de\",\"potentialAction\":[{\"@type\":\"ReadAction\",\"target\":[\"https:\\\/\\\/poderevigliano.com\\\/de\\\/preise-bedingungen\\\/\"]}]},{\"@type\":\"BreadcrumbList\",\"@id\":\"https:\\\/\\\/poderevigliano.com\\\/de\\\/preise-bedingungen\\\/#breadcrumb\",\"itemListElement\":[{\"@type\":\"ListItem\",\"position\":1,\"name\":\"Home\",\"item\":\"https:\\\/\\\/poderevigliano.com\\\/de\\\/home\\\/\"},{\"@type\":\"ListItem\",\"position\":2,\"name\":\"Preise &amp; Konditionen\"}]},{\"@type\":\"WebSite\",\"@id\":\"https:\\\/\\\/poderevigliano.com\\\/#website\",\"url\":\"https:\\\/\\\/poderevigliano.com\\\/\",\"name\":\"Podere Vigliano\",\"description\":\"a charming farmhouse in Umbria\",\"publisher\":{\"@id\":\"https:\\\/\\\/poderevigliano.com\\\/#organization\"},\"potentialAction\":[{\"@type\":\"SearchAction\",\"target\":{\"@type\":\"EntryPoint\",\"urlTemplate\":\"https:\\\/\\\/poderevigliano.com\\\/?s={search_term_string}\"},\"query-input\":{\"@type\":\"PropertyValueSpecification\",\"valueRequired\":true,\"valueName\":\"search_term_string\"}}],\"inLanguage\":\"de\"},{\"@type\":\"Organization\",\"@id\":\"https:\\\/\\\/poderevigliano.com\\\/#organization\",\"name\":\"Podere Vigliano\",\"url\":\"https:\\\/\\\/poderevigliano.com\\\/\",\"logo\":{\"@type\":\"ImageObject\",\"inLanguage\":\"de\",\"@id\":\"https:\\\/\\\/poderevigliano.com\\\/#\\\/schema\\\/logo\\\/image\\\/\",\"url\":\"https:\\\/\\\/poderevigliano.com\\\/wp-content\\\/uploads\\\/Podere-Vigliano-Logo.png\",\"contentUrl\":\"https:\\\/\\\/poderevigliano.com\\\/wp-content\\\/uploads\\\/Podere-Vigliano-Logo.png\",\"width\":278,\"height\":133,\"caption\":\"Podere Vigliano\"},\"image\":{\"@id\":\"https:\\\/\\\/poderevigliano.com\\\/#\\\/schema\\\/logo\\\/image\\\/\"},\"sameAs\":[\"https:\\\/\\\/www.facebook.com\\\/Podere.Vigliano.Umbria\"]}]}<\/script>\n<!-- \/ Yoast SEO plugin. -->","yoast_head_json":{"title":"Preise &amp; Konditionen &#8226; Podere Vigliano","description":"Wir laden Sie ein, bei uns zu wohnen und La Dolce Vita zu leben. Der typische Aufenthalt betr\u00e4gt eine Woche oder mehr. Ein k\u00fcrzerer Aufenthalt kann auf Anfrage m\u00f6glich sein. Pr\u00fcfen Sie unsere Preise.","robots":{"index":"index","follow":"follow","max-snippet":"max-snippet:-1","max-image-preview":"max-image-preview:large","max-video-preview":"max-video-preview:-1"},"canonical":"https:\/\/poderevigliano.com\/de\/preise-bedingungen\/","og_locale":"de_DE","og_type":"article","og_title":"Preise &amp; Konditionen &#8226; Podere Vigliano","og_description":"Wir laden Sie ein, bei uns zu wohnen und La Dolce Vita zu leben. Der typische Aufenthalt betr\u00e4gt eine Woche oder mehr. Ein k\u00fcrzerer Aufenthalt kann auf Anfrage m\u00f6glich sein. Pr\u00fcfen Sie unsere Preise.","og_url":"https:\/\/poderevigliano.com\/de\/preise-bedingungen\/","og_site_name":"Podere Vigliano","article_publisher":"https:\/\/www.facebook.com\/Podere.Vigliano.Umbria","article_modified_time":"2026-04-03T09:46:57+00:00","twitter_card":"summary_large_image","twitter_misc":{"Gesch\u00e4tzte Lesezeit":"2\u00a0Minuten"},"schema":{"@context":"https:\/\/schema.org","@graph":[{"@type":"WebPage","@id":"https:\/\/poderevigliano.com\/de\/preise-bedingungen\/","url":"https:\/\/poderevigliano.com\/de\/preise-bedingungen\/","name":"Preise &amp; Konditionen &#8226; Podere Vigliano","isPartOf":{"@id":"https:\/\/poderevigliano.com\/#website"},"datePublished":"2018-09-17T10:46:17+00:00","dateModified":"2026-04-03T09:46:57+00:00","description":"Wir laden Sie ein, bei uns zu wohnen und La Dolce Vita zu leben. Der typische Aufenthalt betr\u00e4gt eine Woche oder mehr. Ein k\u00fcrzerer Aufenthalt kann auf Anfrage m\u00f6glich sein. Pr\u00fcfen Sie unsere Preise.","breadcrumb":{"@id":"https:\/\/poderevigliano.com\/de\/preise-bedingungen\/#breadcrumb"},"inLanguage":"de","potentialAction":[{"@type":"ReadAction","target":["https:\/\/poderevigliano.com\/de\/preise-bedingungen\/"]}]},{"@type":"BreadcrumbList","@id":"https:\/\/poderevigliano.com\/de\/preise-bedingungen\/#breadcrumb","itemListElement":[{"@type":"ListItem","position":1,"name":"Home","item":"https:\/\/poderevigliano.com\/de\/home\/"},{"@type":"ListItem","position":2,"name":"Preise &amp; Konditionen"}]},{"@type":"WebSite","@id":"https:\/\/poderevigliano.com\/#website","url":"https:\/\/poderevigliano.com\/","name":"Podere Vigliano","description":"a charming farmhouse in Umbria","publisher":{"@id":"https:\/\/poderevigliano.com\/#organization"},"potentialAction":[{"@type":"SearchAction","target":{"@type":"EntryPoint","urlTemplate":"https:\/\/poderevigliano.com\/?s={search_term_string}"},"query-input":{"@type":"PropertyValueSpecification","valueRequired":true,"valueName":"search_term_string"}}],"inLanguage":"de"},{"@type":"Organization","@id":"https:\/\/poderevigliano.com\/#organization","name":"Podere Vigliano","url":"https:\/\/poderevigliano.com\/","logo":{"@type":"ImageObject","inLanguage":"de","@id":"https:\/\/poderevigliano.com\/#\/schema\/logo\/image\/","url":"https:\/\/poderevigliano.com\/wp-content\/uploads\/Podere-Vigliano-Logo.png","contentUrl":"https:\/\/poderevigliano.com\/wp-content\/uploads\/Podere-Vigliano-Logo.png","width":278,"height":133,"caption":"Podere Vigliano"},"image":{"@id":"https:\/\/poderevigliano.com\/#\/schema\/logo\/image\/"},"sameAs":["https:\/\/www.facebook.com\/Podere.Vigliano.Umbria"]}]}},"_links":{"self":[{"href":"https:\/\/poderevigliano.com\/de\/wp-json\/wp\/v2\/pages\/2301","targetHints":{"allow":["GET"]}}],"collection":[{"href":"https:\/\/poderevigliano.com\/de\/wp-json\/wp\/v2\/pages"}],"about":[{"href":"https:\/\/poderevigliano.com\/de\/wp-json\/wp\/v2\/types\/page"}],"author":[{"embeddable":true,"href":"https:\/\/poderevigliano.com\/de\/wp-json\/wp\/v2\/users\/2"}],"replies":[{"embeddable":true,"href":"https:\/\/poderevigliano.com\/de\/wp-json\/wp\/v2\/comments?post=2301"}],"version-history":[{"count":8,"href":"https:\/\/poderevigliano.com\/de\/wp-json\/wp\/v2\/pages\/2301\/revisions"}],"predecessor-version":[{"id":2893,"href":"https:\/\/poderevigliano.com\/de\/wp-json\/wp\/v2\/pages\/2301\/revisions\/2893"}],"wp:attachment":[{"href":"https:\/\/poderevigliano.com\/de\/wp-json\/wp\/v2\/media?parent=2301"}],"curies":[{"name":"wp","href":"https:\/\/api.w.org\/{rel}","templated":true}]}}