{"id":2292,"date":"2018-09-15T01:59:24","date_gmt":"2018-09-15T08:59:24","guid":{"rendered":"https:\/\/poderevigliano.com\/der-ort\/"},"modified":"2026-04-06T03:19:52","modified_gmt":"2026-04-06T10:19:52","slug":"der-ort","status":"publish","type":"page","link":"https:\/\/poderevigliano.com\/de\/der-ort\/","title":{"rendered":"Der Ort"},"content":{"rendered":"<p>[et_pb_section fb_built=&#8220;1&#8243; fullwidth=&#8220;on&#8220; admin_label=&#8220;Hero&#8220; _builder_version=&#8220;4.16&#8243; custom_padding=&#8220;0px|0px|0px|0px&#8220; global_colors_info=&#8220;{}&#8220;][et_pb_fullwidth_header title=&#8220;Der Ort&#8220; button_one_text=&#8220;Reservations&#8220; button_one_url=&#8220;https:\/\/poderevigliano.com\/reservations\/&#8220; button_two_text=&#8220;Contact&#8220; button_two_url=&#8220;https:\/\/poderevigliano.com\/contact\/&#8220; background_overlay_color=&#8220;rgba(108,119,85,0)&#8220; content_max_width=&#8220;700px&#8220; admin_label=&#8220;Hero Section&#8220; _builder_version=&#8220;4.16&#8243; title_font=&#8220;Alex Brush||||||||&#8220; title_font_size=&#8220;80px&#8220; title_line_height=&#8220;1.3em&#8220; content_font=&#8220;Roboto||||&#8220; content_font_size=&#8220;20px&#8220; content_line_height=&#8220;1.7em&#8220; subhead_font=&#8220;||||||||&#8220; background_color=&#8220;#ffffff&#8220; use_background_color_gradient=&#8220;on&#8220; background_color_gradient_stops=&#8220;rgba(0,0,0,0) 0%|rgba(0,0,0,0.24) 100%&#8220; background_color_gradient_overlays_image=&#8220;on&#8220; background_color_gradient_start=&#8220;rgba(0,0,0,0)&#8220; background_color_gradient_end=&#8220;rgba(0,0,0,0.24)&#8220; background_image=&#8220;https:\/\/poderevigliano.com\/wp-content\/uploads\/Podere-Vigliano-Farmhouse-Umbria-exterior-11-1920.jpg&#8220; custom_button_one=&#8220;on&#8220; button_one_border_radius=&#8220;0px&#8220; button_one_font=&#8220;|700|||||||&#8220; button_one_icon_color=&#8220;#ffffff&#8220; custom_button_two=&#8220;on&#8220; button_two_font=&#8220;|700|||||||&#8220; custom_margin=&#8220;|||&#8220; custom_padding=&#8220;5vw||5vw||true&#8220; custom_padding_tablet=&#8220;60px||60px|&#8220; custom_padding_last_edited=&#8220;off|desktop&#8220; animation_style=&#8220;fade&#8220; animation_direction=&#8220;bottom&#8220; animation_duration=&#8220;800ms&#8220; animation_starting_opacity=&#8220;25%&#8220; title_font_size_tablet=&#8220;72px&#8220; title_font_size_phone=&#8220;48px&#8220; title_font_size_last_edited=&#8220;on|phone&#8220; content_font_size_tablet=&#8220;18px&#8220; content_font_size_phone=&#8220;16px&#8220; content_font_size_last_edited=&#8220;on|phone&#8220; button_one_text_size_tablet=&#8220;&#8220; button_one_text_size_phone=&#8220;16px&#8220; button_one_text_size_last_edited=&#8220;on|phone&#8220; button_two_text_size_tablet=&#8220;&#8220; button_two_text_size_phone=&#8220;16px&#8220; button_two_text_size_last_edited=&#8220;on|phone&#8220; title_text_shadow_style=&#8220;preset1&#8243; title_text_shadow_vertical_length=&#8220;0.03em&#8220; title_text_shadow_color=&#8220;rgba(0,0,0,0.82)&#8220; box_shadow_style_button_one=&#8220;preset3&#8243; box_shadow_style_button_two=&#8220;preset3&#8243; button_one_text_color_hover=&#8220;#ffffff&#8220; button_one_border_color_hover=&#8220;#ffffff&#8220; button_two_border_color_hover=&#8220;#ffffff&#8220; button_one_border_radius_hover=&#8220;0px&#8220; button_one_bg_color_hover=&#8220;rgba(0,0,0,0)&#8220; button_two_bg_color_hover=&#8220;rgba(0,0,0,0)&#8220; global_colors_info=&#8220;{}&#8220; button_one_text_size__hover_enabled=&#8220;off&#8220; button_two_text_size__hover_enabled=&#8220;off&#8220; button_one_text_color__hover_enabled=&#8220;on&#8220; button_one_text_color__hover=&#8220;#ffffff&#8220; button_two_text_color__hover_enabled=&#8220;off&#8220; button_one_border_width__hover_enabled=&#8220;off&#8220; button_two_border_width__hover_enabled=&#8220;off&#8220; button_one_border_color__hover_enabled=&#8220;on&#8220; button_one_border_color__hover=&#8220;#ffffff&#8220; button_two_border_color__hover_enabled=&#8220;on&#8220; button_two_border_color__hover=&#8220;#ffffff&#8220; button_one_border_radius__hover_enabled=&#8220;on&#8220; button_one_border_radius__hover=&#8220;0px&#8220; button_two_border_radius__hover_enabled=&#8220;off&#8220; button_one_letter_spacing__hover_enabled=&#8220;off&#8220; button_two_letter_spacing__hover_enabled=&#8220;off&#8220; button_one_bg_color__hover_enabled=&#8220;on&#8220; button_one_bg_color__hover=&#8220;rgba(0,0,0,0)&#8220; button_two_bg_color__hover_enabled=&#8220;on&#8220; button_two_bg_color__hover=&#8220;rgba(0,0,0,0)&#8220;]Die wahrhaftig authentische italienische Ortschaft.[\/et_pb_fullwidth_header][\/et_pb_section][et_pb_section fb_built=&#8220;1&#8243; _builder_version=&#8220;4.16&#8243; custom_padding=&#8220;50px|0px|50px|0px|false|false&#8220; global_colors_info=&#8220;{}&#8220;][et_pb_row column_structure=&#8220;1_2,1_2&#8243; make_equal=&#8220;on&#8220; module_class=&#8220;  et_pb_row_fullwidth&#8220; _builder_version=&#8220;4.16&#8243; width=&#8220;89%&#8220; width_tablet=&#8220;80%&#8220; width_phone=&#8220;80%&#8220; width_last_edited=&#8220;on|desktop&#8220; max_width=&#8220;89%&#8220; max_width_tablet=&#8220;80%&#8220; max_width_phone=&#8220;80%&#8220; max_width_last_edited=&#8220;on|desktop&#8220; make_fullwidth=&#8220;on&#8220; global_colors_info=&#8220;{}&#8220;][et_pb_column type=&#8220;1_2&#8243; module_class=&#8220;ds-vertical-align&#8220; _builder_version=&#8220;4.16&#8243; custom_padding=&#8220;|||&#8220; global_colors_info=&#8220;{}&#8220; custom_padding__hover=&#8220;|||&#8220;][et_pb_text _builder_version=&#8220;4.27.6&#8243; header_4_font=&#8220;||||||||&#8220; header_4_line_height=&#8220;1.5em&#8220; custom_padding=&#8220;|||&#8220; hover_enabled=&#8220;0&#8243; global_colors_info=&#8220;{}&#8220; sticky_enabled=&#8220;0&#8243;]<\/p>\n<h4>Das Podere Vigliano befindet sich in Umbrien, das mit seinen saftig gr\u00fcnen und sanften H\u00fcgel als \u201edas gr\u00fcne Herz Italiens\u201c bekannt ist.<\/h4>\n<p>Vom Podere Vigliano aus k\u00f6nnen einfache Kurzausfl\u00fcge in die mittelalterlichen H\u00fcgelst\u00e4dte Umbriens und der Toskana unternommen werden, da wir nur wenige Minuten von der Autobahn A1 sowie vom Hauptbahnhof in Chiusi entfernt sind.<\/p>\n<p>Die ber\u00fchmten St\u00e4dte <strong>Orvieto<\/strong>, <strong>Siena<\/strong>, <strong>Assisi<\/strong>, <strong>Perugia<\/strong>, <strong>Todi<\/strong>, <strong>Deruta<\/strong>, <strong>Montepulciano<\/strong>, und <strong>Cortona<\/strong> ind mit dem Auto innerhalb von einer Stunde erreichbar. In <strong>Florenz<\/strong> und <strong>Rom<\/strong>, kommt man ganz gut mit dem Zug in etwas mehr als einer Stunde an. <\/p>\n<p>Ob etruskische Gr\u00e4ber, Thermalb\u00e4der, R\u00f6mische Ruinen oder der Dom in Orvieto \u2013 dies sind nur einige der historischen Sehensw\u00fcrdigkeiten in der Region, die Sie bei Ihrem Aufenthalt im Podere Vigliano erwarten.<\/p>\n<p>Zu den lokalen Aktivit\u00e4ten geh\u00f6ren das Reiten, Schwimmen, Wandern, Tennisspielen, Mountainbiking, Fahrradfahren, Koch- und Kunstkurse, Weinproben und Weingutbesichtigungen. Weitere Informationen finden Sie auf unserer Seite r<a href=\"https:\/\/poderevigliano.com\/de\/authentische-erlebnisse\/\"> Authentische Erlebnisse.<\/a> <\/p>\n<p>[\/et_pb_text][\/et_pb_column][et_pb_column type=&#8220;1_2&#8243; module_class=&#8220;ds-vertical-align&#8220; _builder_version=&#8220;4.16&#8243; custom_padding=&#8220;|||&#8220; global_colors_info=&#8220;{}&#8220; custom_padding__hover=&#8220;|||&#8220;][et_pb_code _builder_version=&#8220;4.16&#8243; global_colors_info=&#8220;{}&#8220;]<iframe loading=\"lazy\" src=\"https:\/\/www.google.com\/maps\/embed?pb=!1m14!1m8!1m3!1d23378.854216584306!2d12.03916!3d42.907516!3m2!1i1024!2i768!4f13.1!3m3!1m2!1s0x0%3A0x0!2zNDLCsDU0JzI3LjEiTiAxMsKwMDInMjEuMCJF!5e0!3m2!1sen!2sit!4v1531227807281\" width=\"800\" height=\"394\" frameborder=\"0\" style=\"border:0\" allowfullscreen=\"\"><\/iframe>[\/et_pb_code][\/et_pb_column][\/et_pb_row][\/et_pb_section][et_pb_section fb_built=&#8220;1&#8243; _builder_version=&#8220;4.16&#8243; custom_padding=&#8220;0|0px|0|0px|false|false&#8220; global_colors_info=&#8220;{}&#8220;][et_pb_row column_structure=&#8220;1_4,1_4,1_4,1_4&#8243; use_custom_gutter=&#8220;on&#8220; gutter_width=&#8220;1&#8243; make_equal=&#8220;on&#8220; module_class=&#8220;  et_pb_row_fullwidth&#8220; _builder_version=&#8220;4.16&#8243; width=&#8220;100%&#8220; width_tablet=&#8220;100%&#8220; width_phone=&#8220;100%&#8220; width_last_edited=&#8220;on|desktop&#8220; max_width=&#8220;100%&#8220; max_width_tablet=&#8220;100%&#8220; max_width_phone=&#8220;100%&#8220; max_width_last_edited=&#8220;on|desktop&#8220; custom_padding=&#8220;3px|0px|0|0px|false|false&#8220; make_fullwidth=&#8220;on&#8220; global_colors_info=&#8220;{}&#8220;][et_pb_column type=&#8220;1_4&#8243; _builder_version=&#8220;4.16&#8243; custom_padding=&#8220;|||&#8220; global_colors_info=&#8220;{}&#8220; custom_padding__hover=&#8220;|||&#8220;][et_pb_image src=&#8220;https:\/\/poderevigliano.com\/wp-content\/uploads\/duomo-orvieto.jpg&#8220; align_tablet=&#8220;center&#8220; align_phone=&#8220;center&#8220; align_last_edited=&#8220;on|desktop&#8220; _builder_version=&#8220;4.16&#8243; global_colors_info=&#8220;{}&#8220;][\/et_pb_image][\/et_pb_column][et_pb_column type=&#8220;1_4&#8243; _builder_version=&#8220;4.16&#8243; custom_padding=&#8220;|||&#8220; global_colors_info=&#8220;{}&#8220; custom_padding__hover=&#8220;|||&#8220;][et_pb_image src=&#8220;https:\/\/poderevigliano.com\/wp-content\/uploads\/siena.jpg&#8220; align_tablet=&#8220;center&#8220; align_phone=&#8220;center&#8220; align_last_edited=&#8220;on|desktop&#8220; _builder_version=&#8220;4.16&#8243; locked=&#8220;off&#8220; global_colors_info=&#8220;{}&#8220;][\/et_pb_image][\/et_pb_column][et_pb_column type=&#8220;1_4&#8243; _builder_version=&#8220;4.16&#8243; custom_padding=&#8220;|||&#8220; global_colors_info=&#8220;{}&#8220; custom_padding__hover=&#8220;|||&#8220;][et_pb_image src=&#8220;https:\/\/poderevigliano.com\/wp-content\/uploads\/assisi2.jpg&#8220; align_tablet=&#8220;center&#8220; align_phone=&#8220;center&#8220; align_last_edited=&#8220;on|desktop&#8220; _builder_version=&#8220;4.16&#8243; locked=&#8220;off&#8220; global_colors_info=&#8220;{}&#8220;][\/et_pb_image][\/et_pb_column][et_pb_column type=&#8220;1_4&#8243; _builder_version=&#8220;4.16&#8243; custom_padding=&#8220;|||&#8220; global_colors_info=&#8220;{}&#8220; custom_padding__hover=&#8220;|||&#8220;][et_pb_image src=&#8220;https:\/\/poderevigliano.com\/wp-content\/uploads\/monteleone.jpg&#8220; align_tablet=&#8220;center&#8220; align_phone=&#8220;center&#8220; align_last_edited=&#8220;on|desktop&#8220; _builder_version=&#8220;4.16&#8243; locked=&#8220;off&#8220; global_colors_info=&#8220;{}&#8220;][\/et_pb_image][\/et_pb_column][\/et_pb_row][et_pb_row column_structure=&#8220;1_4,1_4,1_4,1_4&#8243; use_custom_gutter=&#8220;on&#8220; gutter_width=&#8220;1&#8243; make_equal=&#8220;on&#8220; module_class=&#8220;  et_pb_row_fullwidth&#8220; _builder_version=&#8220;4.16&#8243; width=&#8220;100%&#8220; width_tablet=&#8220;100%&#8220; width_phone=&#8220;100%&#8220; width_last_edited=&#8220;on|desktop&#8220; max_width=&#8220;100%&#8220; max_width_tablet=&#8220;100%&#8220; max_width_phone=&#8220;100%&#8220; max_width_last_edited=&#8220;on|desktop&#8220; custom_padding=&#8220;0|0px|0|0px|false|false&#8220; make_fullwidth=&#8220;on&#8220; global_colors_info=&#8220;{}&#8220;][et_pb_column type=&#8220;1_4&#8243; _builder_version=&#8220;4.16&#8243; custom_padding=&#8220;|||&#8220; global_colors_info=&#8220;{}&#8220; custom_padding__hover=&#8220;|||&#8220;][et_pb_image src=&#8220;https:\/\/poderevigliano.com\/wp-content\/uploads\/florence.jpg&#8220; align_tablet=&#8220;center&#8220; align_phone=&#8220;center&#8220; align_last_edited=&#8220;on|desktop&#8220; _builder_version=&#8220;4.16&#8243; global_colors_info=&#8220;{}&#8220;][\/et_pb_image][\/et_pb_column][et_pb_column type=&#8220;1_4&#8243; _builder_version=&#8220;4.16&#8243; custom_padding=&#8220;|||&#8220; global_colors_info=&#8220;{}&#8220; custom_padding__hover=&#8220;|||&#8220;][et_pb_image src=&#8220;https:\/\/poderevigliano.com\/wp-content\/uploads\/rome.jpg&#8220; align_tablet=&#8220;center&#8220; align_phone=&#8220;center&#8220; align_last_edited=&#8220;on|desktop&#8220; _builder_version=&#8220;4.16&#8243; locked=&#8220;off&#8220; global_colors_info=&#8220;{}&#8220;][\/et_pb_image][\/et_pb_column][et_pb_column type=&#8220;1_4&#8243; _builder_version=&#8220;4.16&#8243; custom_padding=&#8220;|||&#8220; global_colors_info=&#8220;{}&#8220; custom_padding__hover=&#8220;|||&#8220;][et_pb_image src=&#8220;https:\/\/poderevigliano.com\/wp-content\/uploads\/montepulciano.jpg&#8220; align_tablet=&#8220;center&#8220; align_phone=&#8220;center&#8220; align_last_edited=&#8220;on|desktop&#8220; _builder_version=&#8220;4.16&#8243; locked=&#8220;off&#8220; global_colors_info=&#8220;{}&#8220;][\/et_pb_image][\/et_pb_column][et_pb_column type=&#8220;1_4&#8243; _builder_version=&#8220;4.16&#8243; custom_padding=&#8220;|||&#8220; global_colors_info=&#8220;{}&#8220; custom_padding__hover=&#8220;|||&#8220;][et_pb_image src=&#8220;https:\/\/poderevigliano.com\/wp-content\/uploads\/perugia-fountain.jpg&#8220; align_tablet=&#8220;center&#8220; align_phone=&#8220;center&#8220; align_last_edited=&#8220;on|desktop&#8220; _builder_version=&#8220;4.16&#8243; locked=&#8220;off&#8220; global_colors_info=&#8220;{}&#8220;][\/et_pb_image][\/et_pb_column][\/et_pb_row][\/et_pb_section][et_pb_section fb_built=&#8220;1&#8243; _builder_version=&#8220;4.16&#8243; custom_padding=&#8220;50px|0px|80px|0px|false|false&#8220; top_divider_color=&#8220;#6c7755&#8243; top_divider_height=&#8220;50px&#8220; bottom_divider_style=&#8220;wave2&#8243; bottom_divider_color=&#8220;#58654b&#8220; bottom_divider_height=&#8220;50px&#8220; global_colors_info=&#8220;{}&#8220;][et_pb_row _builder_version=&#8220;4.16&#8243; global_colors_info=&#8220;{}&#8220;][et_pb_column type=&#8220;4_4&#8243; _builder_version=&#8220;4.16&#8243; custom_padding=&#8220;|||&#8220; global_colors_info=&#8220;{}&#8220; custom_padding__hover=&#8220;|||&#8220;][et_pb_text _builder_version=&#8220;4.27.6&#8243; hover_enabled=&#8220;0&#8243; global_colors_info=&#8220;{}&#8220; sticky_enabled=&#8220;0&#8243;]<\/p>\n<h4>Monteleone d&#8217;Orvieto<\/h4>\n<p>Unsere mittelalterliche H\u00fcgelstadt Monteleone d\u2019Orvieto wacht \u00fcber mein Bauernhaus, das Podere Vigliano. Genie\u00dfen Sie von der Gartenterrasse die majest\u00e4tische Aussicht auf diese friedliche Stadt und h\u00f6ren Sie in Ferne die Kirchenglocken l\u00e4uten. Nur ein 30-min\u00fctiger Spaziergang bergauf und schon sitzen Sie auf der Piazza in einem Caf\u00e8, essen im Innenhof oder entdecken die jahrhundertealte Stadt hinter der Mauer.  <\/p>\n<p>Unsere Stadt ist fast unber\u00fchrt von Touristen, das ist den Stadtbewohnern so recht. Gegr\u00fcndet wurde sie von der Stadt Orvieto im Jahre 1502 als eine abgelegene Festung, zur Verteidigung der n\u00f6rdlichen Stadtbesitze und als Kornlager von Orvieto. Die \u00dcberreste der mittelalterlichen Festungsanlage sind bis heute noch erkennbar. Eine Wand im Chor der Kollegienkirche von Monteleone schm\u00fcckt ein Gem\u00e4lde der Madonna mit Kind und wird dem ber\u00fchmten Renaissancek\u00fcnstler Perugino zugeschrieben, der in der nahe gelegenen Citt\u00e0 della Pieve geboren wurde.   <\/p>\n<p><strong>Das ganze Jahr \u00fcber richtet Monteleone mehrere bekannte lokale Feste aus:<\/strong><\/p>\n<p><strong>Rimpartriata &amp; Sagra degli Umbrichelli<\/strong> &#8211; Mitte August \u2013 Ein traditionelles Fest mit Abendmusik, Tanzerei und einem Festessen mit selbstgemachter \u201eUmbrichelli\u201c Pasta, einer Spezialit\u00e4t der Frauen von Monteleone.<\/p>\n<p><strong>Corteo Storico<\/strong> &#8211; 16. August \u2013 Ein historischer Festzug aus dem 13. Jahrhundert, der die Tracht und die Br\u00e4uche der Zeit nachstellt. Die Festlichkeit endet mit einem Turnier um das Lilienpalio. <\/p>\n<p><strong>Presepe Vivente<\/strong> &#8211; 26. Dez. \u2013 6. Jan. \u2013 Lebende Krippe. Die Stadt stellt das Leben im Mittelalter nach. <\/p>\n<p>Das ganze Jahr \u00fcber finden zahlreiche Feste in den Nachbarst\u00e4dten statt.<\/p>\n<p><strong>Citta della Pieve<\/strong> \u2014 Mitte August \u2014 <strong>Palio dei Terzieri<\/strong>\u2014 ein 10-t\u00e4giges historisches Fest<\/p>\n<p><strong>Perugia<\/strong> \u2014 richtet das weltber\u00fchmte <strong>Umbrian Jazz Festival<\/strong> aus \u2014 9 Tage lang, Mitte Juli<\/p>\n<p><strong>Spoleto<\/strong> \u2014 <strong>Festival of 2 Worlds<\/strong> \u2014 Sommermusik und Opernfestival Ende Juni \u2013 Anfang Juli<\/p>\n<p>[\/et_pb_text][\/et_pb_column][\/et_pb_row][\/et_pb_section]<\/p>\n","protected":false},"excerpt":{"rendered":"<p>Die wahrhaftig authentische italienische Ortschaft.Das Podere Vigliano befindet sich in Umbrien, das mit seinen saftig gr\u00fcnen und sanften H\u00fcgel als \u201edas gr\u00fcne Herz Italiens\u201c bekannt ist. Vom Podere Vigliano aus k\u00f6nnen einfache Kurzausfl\u00fcge in die mittelalterlichen H\u00fcgelst\u00e4dte Umbriens und der Toskana unternommen werden, da wir nur wenige Minuten von der Autobahn A1 sowie vom Hauptbahnhof [&hellip;]<\/p>\n","protected":false},"author":2,"featured_media":0,"parent":0,"menu_order":0,"comment_status":"closed","ping_status":"closed","template":"","meta":{"_et_pb_use_builder":"on","_et_pb_old_content":"","_et_gb_content_width":"","_monsterinsights_skip_tracking":false,"_monsterinsights_sitenote_active":false,"_monsterinsights_sitenote_note":"","_monsterinsights_sitenote_category":0,"footnotes":""},"class_list":["post-2292","page","type-page","status-publish","hentry"],"yoast_head":"<!-- This site is optimized with the Yoast SEO plugin v27.3 - https:\/\/yoast.com\/product\/yoast-seo-wordpress\/ -->\n<title>Was zu tun und zu sehen in Umbrien und der Toskana &#8226; Podere Vigliano<\/title>\n<meta name=\"description\" content=\"Entdecken Sie die vielen Tagesausfl\u00fcge in Umbrien und der Toskana, die Sie von Ihrem idealen Ferienhaus, dem Bauernhaus Podere Vigliano, unternehmen k\u00f6nnen.\" \/>\n<meta name=\"robots\" content=\"index, follow, max-snippet:-1, max-image-preview:large, max-video-preview:-1\" \/>\n<link rel=\"canonical\" href=\"https:\/\/poderevigliano.com\/de\/der-ort\/\" \/>\n<meta property=\"og:locale\" content=\"de_DE\" \/>\n<meta property=\"og:type\" content=\"article\" \/>\n<meta property=\"og:title\" content=\"Was zu tun und zu sehen in Umbrien und der Toskana &#8226; Podere Vigliano\" \/>\n<meta property=\"og:description\" content=\"Entdecken Sie die vielen Tagesausfl\u00fcge in Umbrien und der Toskana, die Sie von Ihrem idealen Ferienhaus, dem Bauernhaus Podere Vigliano, unternehmen k\u00f6nnen.\" \/>\n<meta property=\"og:url\" content=\"https:\/\/poderevigliano.com\/de\/der-ort\/\" \/>\n<meta property=\"og:site_name\" content=\"Podere Vigliano\" \/>\n<meta property=\"article:publisher\" content=\"https:\/\/www.facebook.com\/Podere.Vigliano.Umbria\" \/>\n<meta property=\"article:modified_time\" content=\"2026-04-06T10:19:52+00:00\" \/>\n<meta name=\"twitter:card\" content=\"summary_large_image\" \/>\n<meta name=\"twitter:label1\" content=\"Gesch\u00e4tzte Lesezeit\" \/>\n\t<meta name=\"twitter:data1\" content=\"8\u00a0Minuten\" \/>\n<script type=\"application\/ld+json\" class=\"yoast-schema-graph\">{\"@context\":\"https:\\\/\\\/schema.org\",\"@graph\":[{\"@type\":\"WebPage\",\"@id\":\"https:\\\/\\\/poderevigliano.com\\\/de\\\/der-ort\\\/\",\"url\":\"https:\\\/\\\/poderevigliano.com\\\/de\\\/der-ort\\\/\",\"name\":\"Was zu tun und zu sehen in Umbrien und der Toskana &#8226; Podere Vigliano\",\"isPartOf\":{\"@id\":\"https:\\\/\\\/poderevigliano.com\\\/#website\"},\"datePublished\":\"2018-09-15T08:59:24+00:00\",\"dateModified\":\"2026-04-06T10:19:52+00:00\",\"description\":\"Entdecken Sie die vielen Tagesausfl\u00fcge in Umbrien und der Toskana, die Sie von Ihrem idealen Ferienhaus, dem Bauernhaus Podere Vigliano, unternehmen k\u00f6nnen.\",\"breadcrumb\":{\"@id\":\"https:\\\/\\\/poderevigliano.com\\\/de\\\/der-ort\\\/#breadcrumb\"},\"inLanguage\":\"de\",\"potentialAction\":[{\"@type\":\"ReadAction\",\"target\":[\"https:\\\/\\\/poderevigliano.com\\\/de\\\/der-ort\\\/\"]}]},{\"@type\":\"BreadcrumbList\",\"@id\":\"https:\\\/\\\/poderevigliano.com\\\/de\\\/der-ort\\\/#breadcrumb\",\"itemListElement\":[{\"@type\":\"ListItem\",\"position\":1,\"name\":\"Home\",\"item\":\"https:\\\/\\\/poderevigliano.com\\\/de\\\/home\\\/\"},{\"@type\":\"ListItem\",\"position\":2,\"name\":\"Der Ort\"}]},{\"@type\":\"WebSite\",\"@id\":\"https:\\\/\\\/poderevigliano.com\\\/#website\",\"url\":\"https:\\\/\\\/poderevigliano.com\\\/\",\"name\":\"Podere Vigliano\",\"description\":\"a charming farmhouse in Umbria\",\"publisher\":{\"@id\":\"https:\\\/\\\/poderevigliano.com\\\/#organization\"},\"potentialAction\":[{\"@type\":\"SearchAction\",\"target\":{\"@type\":\"EntryPoint\",\"urlTemplate\":\"https:\\\/\\\/poderevigliano.com\\\/?s={search_term_string}\"},\"query-input\":{\"@type\":\"PropertyValueSpecification\",\"valueRequired\":true,\"valueName\":\"search_term_string\"}}],\"inLanguage\":\"de\"},{\"@type\":\"Organization\",\"@id\":\"https:\\\/\\\/poderevigliano.com\\\/#organization\",\"name\":\"Podere Vigliano\",\"url\":\"https:\\\/\\\/poderevigliano.com\\\/\",\"logo\":{\"@type\":\"ImageObject\",\"inLanguage\":\"de\",\"@id\":\"https:\\\/\\\/poderevigliano.com\\\/#\\\/schema\\\/logo\\\/image\\\/\",\"url\":\"https:\\\/\\\/poderevigliano.com\\\/wp-content\\\/uploads\\\/Podere-Vigliano-Logo.png\",\"contentUrl\":\"https:\\\/\\\/poderevigliano.com\\\/wp-content\\\/uploads\\\/Podere-Vigliano-Logo.png\",\"width\":278,\"height\":133,\"caption\":\"Podere Vigliano\"},\"image\":{\"@id\":\"https:\\\/\\\/poderevigliano.com\\\/#\\\/schema\\\/logo\\\/image\\\/\"},\"sameAs\":[\"https:\\\/\\\/www.facebook.com\\\/Podere.Vigliano.Umbria\"]}]}<\/script>\n<!-- \/ Yoast SEO plugin. -->","yoast_head_json":{"title":"Was zu tun und zu sehen in Umbrien und der Toskana &#8226; Podere Vigliano","description":"Entdecken Sie die vielen Tagesausfl\u00fcge in Umbrien und der Toskana, die Sie von Ihrem idealen Ferienhaus, dem Bauernhaus Podere Vigliano, unternehmen k\u00f6nnen.","robots":{"index":"index","follow":"follow","max-snippet":"max-snippet:-1","max-image-preview":"max-image-preview:large","max-video-preview":"max-video-preview:-1"},"canonical":"https:\/\/poderevigliano.com\/de\/der-ort\/","og_locale":"de_DE","og_type":"article","og_title":"Was zu tun und zu sehen in Umbrien und der Toskana &#8226; Podere Vigliano","og_description":"Entdecken Sie die vielen Tagesausfl\u00fcge in Umbrien und der Toskana, die Sie von Ihrem idealen Ferienhaus, dem Bauernhaus Podere Vigliano, unternehmen k\u00f6nnen.","og_url":"https:\/\/poderevigliano.com\/de\/der-ort\/","og_site_name":"Podere Vigliano","article_publisher":"https:\/\/www.facebook.com\/Podere.Vigliano.Umbria","article_modified_time":"2026-04-06T10:19:52+00:00","twitter_card":"summary_large_image","twitter_misc":{"Gesch\u00e4tzte Lesezeit":"8\u00a0Minuten"},"schema":{"@context":"https:\/\/schema.org","@graph":[{"@type":"WebPage","@id":"https:\/\/poderevigliano.com\/de\/der-ort\/","url":"https:\/\/poderevigliano.com\/de\/der-ort\/","name":"Was zu tun und zu sehen in Umbrien und der Toskana &#8226; Podere Vigliano","isPartOf":{"@id":"https:\/\/poderevigliano.com\/#website"},"datePublished":"2018-09-15T08:59:24+00:00","dateModified":"2026-04-06T10:19:52+00:00","description":"Entdecken Sie die vielen Tagesausfl\u00fcge in Umbrien und der Toskana, die Sie von Ihrem idealen Ferienhaus, dem Bauernhaus Podere Vigliano, unternehmen k\u00f6nnen.","breadcrumb":{"@id":"https:\/\/poderevigliano.com\/de\/der-ort\/#breadcrumb"},"inLanguage":"de","potentialAction":[{"@type":"ReadAction","target":["https:\/\/poderevigliano.com\/de\/der-ort\/"]}]},{"@type":"BreadcrumbList","@id":"https:\/\/poderevigliano.com\/de\/der-ort\/#breadcrumb","itemListElement":[{"@type":"ListItem","position":1,"name":"Home","item":"https:\/\/poderevigliano.com\/de\/home\/"},{"@type":"ListItem","position":2,"name":"Der Ort"}]},{"@type":"WebSite","@id":"https:\/\/poderevigliano.com\/#website","url":"https:\/\/poderevigliano.com\/","name":"Podere Vigliano","description":"a charming farmhouse in Umbria","publisher":{"@id":"https:\/\/poderevigliano.com\/#organization"},"potentialAction":[{"@type":"SearchAction","target":{"@type":"EntryPoint","urlTemplate":"https:\/\/poderevigliano.com\/?s={search_term_string}"},"query-input":{"@type":"PropertyValueSpecification","valueRequired":true,"valueName":"search_term_string"}}],"inLanguage":"de"},{"@type":"Organization","@id":"https:\/\/poderevigliano.com\/#organization","name":"Podere Vigliano","url":"https:\/\/poderevigliano.com\/","logo":{"@type":"ImageObject","inLanguage":"de","@id":"https:\/\/poderevigliano.com\/#\/schema\/logo\/image\/","url":"https:\/\/poderevigliano.com\/wp-content\/uploads\/Podere-Vigliano-Logo.png","contentUrl":"https:\/\/poderevigliano.com\/wp-content\/uploads\/Podere-Vigliano-Logo.png","width":278,"height":133,"caption":"Podere Vigliano"},"image":{"@id":"https:\/\/poderevigliano.com\/#\/schema\/logo\/image\/"},"sameAs":["https:\/\/www.facebook.com\/Podere.Vigliano.Umbria"]}]}},"_links":{"self":[{"href":"https:\/\/poderevigliano.com\/de\/wp-json\/wp\/v2\/pages\/2292","targetHints":{"allow":["GET"]}}],"collection":[{"href":"https:\/\/poderevigliano.com\/de\/wp-json\/wp\/v2\/pages"}],"about":[{"href":"https:\/\/poderevigliano.com\/de\/wp-json\/wp\/v2\/types\/page"}],"author":[{"embeddable":true,"href":"https:\/\/poderevigliano.com\/de\/wp-json\/wp\/v2\/users\/2"}],"replies":[{"embeddable":true,"href":"https:\/\/poderevigliano.com\/de\/wp-json\/wp\/v2\/comments?post=2292"}],"version-history":[{"count":2,"href":"https:\/\/poderevigliano.com\/de\/wp-json\/wp\/v2\/pages\/2292\/revisions"}],"predecessor-version":[{"id":3253,"href":"https:\/\/poderevigliano.com\/de\/wp-json\/wp\/v2\/pages\/2292\/revisions\/3253"}],"wp:attachment":[{"href":"https:\/\/poderevigliano.com\/de\/wp-json\/wp\/v2\/media?parent=2292"}],"curies":[{"name":"wp","href":"https:\/\/api.w.org\/{rel}","templated":true}]}}