{"id":2289,"date":"2018-09-14T09:08:10","date_gmt":"2018-09-14T16:08:10","guid":{"rendered":"https:\/\/poderevigliano.com\/geschichte\/"},"modified":"2026-04-01T05:22:31","modified_gmt":"2026-04-01T12:22:31","slug":"geschichte","status":"publish","type":"page","link":"https:\/\/poderevigliano.com\/de\/geschichte\/","title":{"rendered":"Geschichte"},"content":{"rendered":"<p>[et_pb_section fb_built=&#8220;1&#8243; fullwidth=&#8220;on&#8220; admin_label=&#8220;Hero&#8220; _builder_version=&#8220;3.9&#8243; custom_padding=&#8220;0px|0px|0px|0px&#8220;][et_pb_fullwidth_header title=&#8220;Die Geschichte&#8220; button_one_text=&#8220;Reservierungen&#8220; button_one_url=&#8220;https:\/\/poderevigliano.com\/de\/reservierungen\/&#8220; button_two_text=&#8220;Kontakt&#8220; button_two_url=&#8220;https:\/\/poderevigliano.com\/de\/kontakt\/&#8220; background_overlay_color=&#8220;rgba(108,119,85,0)&#8220; content_max_width=&#8220;700px&#8220; admin_label=&#8220;Hero Section&#8220; _builder_version=&#8220;3.13.1&#8243; title_font=&#8220;Alex Brush||||||||&#8220; title_font_size=&#8220;80px&#8220; title_font_size_tablet=&#8220;72px&#8220; title_font_size_phone=&#8220;48px&#8220; title_font_size_last_edited=&#8220;on|phone&#8220; title_line_height=&#8220;1.3em&#8220; title_text_shadow_style=&#8220;preset1&#8243; title_text_shadow_vertical_length=&#8220;0.03em&#8220; title_text_shadow_color=&#8220;rgba(0,0,0,0.82)&#8220; content_font=&#8220;Roboto||||&#8220; content_font_size=&#8220;20px&#8220; content_font_size_tablet=&#8220;18px&#8220; content_font_size_phone=&#8220;16px&#8220; content_font_size_last_edited=&#8220;on|phone&#8220; content_line_height=&#8220;1.7em&#8220; subhead_font=&#8220;||||||||&#8220; background_color=&#8220;#ffffff&#8220; use_background_color_gradient=&#8220;on&#8220; background_color_gradient_start=&#8220;rgba(0,0,0,0)&#8220; background_color_gradient_end=&#8220;rgba(0,0,0,0.24)&#8220; background_color_gradient_overlays_image=&#8220;on&#8220; background_image=&#8220;https:\/\/poderevigliano.com\/wp-content\/uploads\/Podere-Vigliano-Farmhouse-Umbria-exterior-09-1920.jpg&#8220; custom_button_two=&#8220;on&#8220; button_two_font=&#8220;|700|||||||&#8220; button_two_icon=&#8220;%%24%%&#8220; button_two_bg_color_hover=&#8220;rgba(0,0,0,0)&#8220; button_two_border_color_hover=&#8220;#ffffff&#8220; button_two_text_size_phone=&#8220;16px&#8220; button_two_text_size_last_edited=&#8220;on|phone&#8220; custom_button_one=&#8220;on&#8220; button_one_border_radius=&#8220;0px&#8220; button_one_font=&#8220;|700|||||||&#8220; button_one_icon=&#8220;%%24%%&#8220; button_one_icon_color=&#8220;#ffffff&#8220; button_one_text_color_hover=&#8220;#ffffff&#8220; button_one_bg_color_hover=&#8220;rgba(0,0,0,0)&#8220; button_one_border_color_hover=&#8220;#ffffff&#8220; button_one_border_radius_hover=&#8220;0px&#8220; button_one_text_size_phone=&#8220;16px&#8220; button_one_text_size_last_edited=&#8220;on|phone&#8220; box_shadow_style_button_two=&#8220;preset3&#8243; box_shadow_style_button_one=&#8220;preset3&#8243; custom_margin=&#8220;|||&#8220; custom_padding=&#8220;5vw||5vw||true&#8220; custom_padding_tablet=&#8220;60px||60px|&#8220; custom_padding_last_edited=&#8220;off|desktop&#8220; animation_style=&#8220;fade&#8220; animation_direction=&#8220;bottom&#8220; animation_duration=&#8220;800ms&#8220; animation_starting_opacity=&#8220;25%&#8220;]F\u00fchlen Sie sich durch die Beziehung zum Land und dem italienischen Lebensstil inspiriert und wie neugeboren.[\/et_pb_fullwidth_header][\/et_pb_section][et_pb_section fb_built=&#8220;1&#8243; _builder_version=&#8220;3.9&#8243; custom_padding=&#8220;50px|0px|80px|0px|false|false&#8220; bottom_divider_style=&#8220;wave2&#8243; bottom_divider_color=&#8220;#58654b&#8220; bottom_divider_height=&#8220;50px&#8220;][et_pb_row custom_padding=&#8220;30px|0px|0|0px|false|false&#8220; _builder_version=&#8220;3.8&#8243;][et_pb_column type=&#8220;4_4&#8243; _builder_version=&#8220;3.0.47&#8243; parallax=&#8220;off&#8220; parallax_method=&#8220;on&#8220;][et_pb_text _builder_version=&#8220;3.9&#8243; text_font=&#8220;||||||||&#8220; header_2_font=&#8220;||||||||&#8220; header_2_font_size_tablet=&#8220;18px&#8220; header_2_font_size_last_edited=&#8220;on|phone&#8220; header_2_line_height=&#8220;1.5em&#8220; header_3_font=&#8220;Alex Brush||||||||&#8220; header_3_font_size=&#8220;42px&#8220; header_3_line_height=&#8220;1.3em&#8220; text_orientation=&#8220;center&#8220;]<\/p>\n<h2>Einige Worte von Susan, Besitzerin des Podere Vigliano<\/h2>\n<p>[\/et_pb_text][et_pb_divider color=&#8220;#f7c556&#8243; divider_position=&#8220;center&#8220; divider_weight=&#8220;1px&#8220; height=&#8220;0px&#8220; _builder_version=&#8220;3.10.1&#8243; max_width=&#8220;250px&#8220; module_alignment=&#8220;center&#8220; custom_padding=&#8220;|||&#8220; saved_tabs=&#8220;all&#8220; locked=&#8220;off&#8220;][\/et_pb_divider][et_pb_text _builder_version=&#8220;3.10.1&#8243; text_font=&#8220;||||||||&#8220; text_font_size=&#8220;20px&#8220; text_font_size_tablet=&#8220;18px&#8220; text_font_size_last_edited=&#8220;on|tablet&#8220; custom_margin=&#8220;|||&#8220; custom_margin_tablet=&#8220;||0px|&#8220; custom_margin_last_edited=&#8220;on|tablet&#8220; custom_padding_tablet=&#8220;||0px|&#8220; custom_padding_last_edited=&#8220;on|tablet&#8220;]Es war Sommer 2000, als ich, alleine als Single nach Italien verreiste und mich dabei unsterblich in Umbrien verliebte, insbesondere in das Podere Vigliano. Ohne auch nur ein einziges Wort Italienisch zu sprechen, schuf ich dies zu meinem Zuhause und so begann mein unglaubliches Abenteuer \u2013 die Renovierung eines 275 Jahre alten Bauernhauses mit traditionellen Mitteln.[\/et_pb_text][\/et_pb_column][\/et_pb_row][et_pb_row custom_padding_tablet=&#8220;||0px|&#8220; make_equal=&#8220;on&#8220; custom_padding_last_edited=&#8220;on|tablet&#8220; padding_2_tablet=&#8220;||0px|&#8220; padding_1_last_edited=&#8220;on|tablet&#8220; padding_2_last_edited=&#8220;on|tablet&#8220; module_class_1=&#8220;ds-vertical-align&#8220; module_class_2=&#8220;ds-vertical-align&#8220; _builder_version=&#8220;3.9&#8243; custom_margin_last_edited=&#8220;on|tablet&#8220;][et_pb_column type=&#8220;1_2&#8243; _builder_version=&#8220;3.0.47&#8243; padding_last_edited=&#8220;on|tablet&#8220; parallax=&#8220;off&#8220; parallax_method=&#8220;on&#8220; module_class=&#8220;ds-vertical-align&#8220;][et_pb_text _builder_version=&#8220;3.9&#8243; text_font=&#8220;||||||||&#8220;]Alles in Umbrien war transformativ. Die Landschaft ist atemberaubend, doch vor allem sind es die Italiener, die diese Sch\u00f6nheit, W\u00e4rme und das gem\u00fctliche Tempo ihres Landes ausstrahlen.<\/p>\n<p>Gekommen war ich hier nach dem Scheitern meiner langj\u00e4hrigen Ehe, denn hier kannte niemand meine \u201eGeschichte\u201c. Durch das Befreien meiner Seele, f\u00fchlte ich mich endlich wie neugeboren und mir wurde bewusst, dass ich in diesem Haus tun konnte, was ich wollte und sein durfte, wer ich wollte. Bald darauf verstarb dann mein Ex-Mann und meine Verpflichtungen gegen\u00fcber meinen Kindern standen daher an erster Stelle.[\/et_pb_text][\/et_pb_column][et_pb_column type=&#8220;1_2&#8243; _builder_version=&#8220;3.0.47&#8243; padding_tablet=&#8220;||0px|&#8220; padding_last_edited=&#8220;on|tablet&#8220; parallax=&#8220;off&#8220; parallax_method=&#8220;on&#8220; module_class=&#8220;ds-vertical-align&#8220;][et_pb_image src=&#8220;https:\/\/poderevigliano.com\/wp-content\/uploads\/Podere-Vigliano-Farmhouse-Umbria-Susan.jpg&#8220; _builder_version=&#8220;3.11&#8243; box_shadow_style=&#8220;preset3&#8243; custom_padding=&#8220;||30px|&#8220; animation_style=&#8220;slide&#8220; animation_direction=&#8220;right&#8220;][\/et_pb_image][\/et_pb_column][\/et_pb_row][et_pb_row custom_padding_tablet=&#8220;0px|||&#8220; custom_padding_last_edited=&#8220;on|tablet&#8220; padding_1_tablet=&#8220;0px|||&#8220; padding_1_last_edited=&#8220;on|tablet&#8220; _builder_version=&#8220;3.9&#8243; custom_margin_tablet=&#8220;0px|||&#8220; custom_margin_last_edited=&#8220;on|tablet&#8220;][et_pb_column type=&#8220;4_4&#8243; _builder_version=&#8220;3.9&#8243; padding_tablet=&#8220;0px|||&#8220; padding_last_edited=&#8220;on|tablet&#8220; parallax=&#8220;off&#8220; parallax_method=&#8220;on&#8220;][et_pb_text _builder_version=&#8220;3.9&#8243;]Ich glaube fest daran, dass ein Haus bewohnt werden muss. Daher begann ich mein Zuhause mit G\u00e4sten, wie Ihnen, zu teilen, um auch sie an der Sch\u00f6nheit und der Erholung, die ich erleben durfte, teilhaben zu lassen. Auf diese Weise bleibe ich stets an mein Zuhause in Italien gebunden.<\/p>\n<p>W\u00e4hrend ich fr\u00fcher meine ganze Energie in Ironman Triathlons steckte (meine gr\u00f6\u00dfte k\u00f6rperliche Leistung ist der 3. Platz am Ironman Hawaii), so setze ich gegenw\u00e4rtig meine gesamte Energie in die Kultivierung meines Landes, die Versch\u00f6nerung des Bauernhauses und selbstverst\u00e4ndlich das Lernen der Sprache der Leidenschaft.<\/p>\n<p>Ich hatte die Gelegenheit, einen gro\u00dfen Einblick in das Leben meiner italienischen Nachbarn und deren Landwirtschaft werfen zu k\u00f6nnen. W\u00e4hrend wir Seite an Seite am Anbau des Gem\u00fcsegartens arbeiteten, den Weingarten und Olivenhain pflegten und die Ernten sammelten, bemerkte ich \u00fcberrascht, dass meine neuentwickelte Bindung zum Land auch in meinem Herzen st\u00e4rker geworden war.[\/et_pb_text][\/et_pb_column][\/et_pb_row][et_pb_row make_equal=&#8220;on&#8220; module_class_1=&#8220;ds-vertical-align&#8220; module_class_2=&#8220;ds-vertical-align&#8220; _builder_version=&#8220;3.9&#8243;][et_pb_column type=&#8220;1_2&#8243; _builder_version=&#8220;3.0.47&#8243; parallax=&#8220;off&#8220; parallax_method=&#8220;on&#8220; module_class=&#8220;ds-vertical-align&#8220;][et_pb_image src=&#8220;https:\/\/poderevigliano.com\/wp-content\/uploads\/Podere-Vigliano-Farmhouse-Umbria-Susan-Greg.jpg&#8220; _builder_version=&#8220;3.9&#8243; box_shadow_style=&#8220;preset3&#8243; animation_style=&#8220;slide&#8220; animation_direction=&#8220;left&#8220;][\/et_pb_image][\/et_pb_column][et_pb_column type=&#8220;1_2&#8243; _builder_version=&#8220;3.0.47&#8243; parallax=&#8220;off&#8220; parallax_method=&#8220;on&#8220; module_class=&#8220;ds-vertical-align&#8220;][et_pb_text _builder_version=&#8220;3.9&#8243; text_font=&#8220;||||||||&#8220; custom_margin_last_edited=&#8220;on|tablet&#8220; custom_padding_tablet=&#8220;|||&#8220; custom_padding_last_edited=&#8220;on|tablet&#8220;]Italien erweckt bei allen romantische Gef\u00fchle und ich war ziemlich \u00fcberzeugt, mich eines Tages in einen italienischen Mann zu verlieben und ihn zu heiraten. Gemeinsam auf der Terrasse zu sitzen, lokalen Sangiovese-Wein trinken und die warmen Lichter von Monteleone zu betrachten. Meine Sehnsucht nach Liebe war sehr gro\u00df.<\/p>\n<p>Nach 12 Jahren begegnete ich in Northern California, in der N\u00e4he meines Heimatortes, Greg und verliebte mich in ihn. Bei einer meiner zahlreichen Reisen zum Bauernhaus, flog er \u00fcber den gesamten Kontinent, um auf die Knie zu fallen und mir einen Antrag zu machen. Und ich sagte ja! Es war perfekt, dass er mir seine Liebeserkl\u00e4rung ausgerechnet auf der Terrasse machte, wo meine Tr\u00e4ume heranwuchsen und mein Herz sich ge\u00f6ffnet hatte.[\/et_pb_text][\/et_pb_column][\/et_pb_row][et_pb_row custom_padding_tablet=&#8220;0px|||&#8220; custom_padding_last_edited=&#8220;on|tablet&#8220; padding_1_tablet=&#8220;0px|||&#8220; padding_1_last_edited=&#8220;on|tablet&#8220; _builder_version=&#8220;3.9&#8243; custom_margin_tablet=&#8220;0px|||&#8220; custom_margin_last_edited=&#8220;on|tablet&#8220;][et_pb_column type=&#8220;4_4&#8243; _builder_version=&#8220;3.9&#8243; padding_tablet=&#8220;0px|||&#8220; padding_last_edited=&#8220;on|tablet&#8220; parallax=&#8220;off&#8220; parallax_method=&#8220;on&#8220;][et_pb_text _builder_version=&#8220;3.9&#8243; inline_fonts=&#8220;Alex Brush&#8220;]Nun habe ich einen Partner, mit dem ich dieses sch\u00f6ne Leben sowohl hier, als auch in California teilen kann. Au\u00dfer uns Beiden gibt es noch vier reizende junge Menschen, meine zwei Kinder, Steve und Katie, und Gregs Kinder Kendall und Courtney.<\/p>\n<p>So oft und so lang es geht, stehle ich mich nach Italien davon. Ich f\u00fchre individuelle Touren, erkunde gerne die Landschaft und teile meine Entdeckungen mit anderen. Ich fahre leidenschaftlich gerne Fahrrad, schwimme und bin eine Outdoor-Enthusiastin, die glaubt, alles was drau\u00dfen unternommen wird, das Beste sei. Deswegen passt das Leben in der italienischen Landschaft perfekt zu mir.<\/p>\n<p>Ciao,<\/p>\n<p><span style=\"font-family: 'Alex Brush'; font-weight: normal; font-size: xx-large;\">Susan<\/span><br \/>\n[\/et_pb_text][\/et_pb_column][\/et_pb_row][\/et_pb_section]<\/p>\n","protected":false},"excerpt":{"rendered":"<p>F\u00fchlen Sie sich durch die Beziehung zum Land und dem italienischen Lebensstil inspiriert und wie neugeboren. Einige Worte von Susan, Besitzerin des Podere Vigliano Es war Sommer 2000, als ich, alleine als Single nach Italien verreiste und mich dabei unsterblich in Umbrien verliebte, insbesondere in das Podere Vigliano. Ohne auch nur ein einziges Wort Italienisch [&hellip;]<\/p>\n","protected":false},"author":2,"featured_media":0,"parent":0,"menu_order":0,"comment_status":"closed","ping_status":"closed","template":"","meta":{"_et_pb_use_builder":"on","_et_pb_old_content":"","_et_gb_content_width":"","_monsterinsights_skip_tracking":false,"_monsterinsights_sitenote_active":false,"_monsterinsights_sitenote_note":"","_monsterinsights_sitenote_category":0,"footnotes":""},"class_list":["post-2289","page","type-page","status-publish","hentry"],"yoast_head":"<!-- This site is optimized with the Yoast SEO plugin v27.3 - https:\/\/yoast.com\/product\/yoast-seo-wordpress\/ -->\n<title>Die Geschichte des Podere Vigliano<\/title>\n<meta name=\"description\" content=\"Die Geschichte des Podere Vigliano und dessen Besitzerin, die das 275 Jahre alte italienische Bauernhaus renovierte und Italien zu ihrem zweiten Zuhause machte.\" \/>\n<meta name=\"robots\" content=\"index, follow, max-snippet:-1, max-image-preview:large, max-video-preview:-1\" \/>\n<link rel=\"canonical\" href=\"https:\/\/poderevigliano.com\/de\/geschichte\/\" \/>\n<meta property=\"og:locale\" content=\"de_DE\" \/>\n<meta property=\"og:type\" content=\"article\" \/>\n<meta property=\"og:title\" content=\"Die Geschichte des Podere Vigliano\" \/>\n<meta property=\"og:description\" content=\"Die Geschichte des Podere Vigliano und dessen Besitzerin, die das 275 Jahre alte italienische Bauernhaus renovierte und Italien zu ihrem zweiten Zuhause machte.\" \/>\n<meta property=\"og:url\" content=\"https:\/\/poderevigliano.com\/de\/geschichte\/\" \/>\n<meta property=\"og:site_name\" content=\"Podere Vigliano\" \/>\n<meta property=\"article:publisher\" content=\"https:\/\/www.facebook.com\/Podere.Vigliano.Umbria\" \/>\n<meta property=\"article:modified_time\" content=\"2026-04-01T12:22:31+00:00\" \/>\n<meta name=\"twitter:card\" content=\"summary_large_image\" \/>\n<meta name=\"twitter:label1\" content=\"Gesch\u00e4tzte Lesezeit\" \/>\n\t<meta name=\"twitter:data1\" content=\"7\u00a0Minuten\" \/>\n<script type=\"application\/ld+json\" class=\"yoast-schema-graph\">{\"@context\":\"https:\\\/\\\/schema.org\",\"@graph\":[{\"@type\":\"WebPage\",\"@id\":\"https:\\\/\\\/poderevigliano.com\\\/de\\\/geschichte\\\/\",\"url\":\"https:\\\/\\\/poderevigliano.com\\\/de\\\/geschichte\\\/\",\"name\":\"Die Geschichte des Podere Vigliano\",\"isPartOf\":{\"@id\":\"https:\\\/\\\/poderevigliano.com\\\/#website\"},\"datePublished\":\"2018-09-14T16:08:10+00:00\",\"dateModified\":\"2026-04-01T12:22:31+00:00\",\"description\":\"Die Geschichte des Podere Vigliano und dessen Besitzerin, die das 275 Jahre alte italienische Bauernhaus renovierte und Italien zu ihrem zweiten Zuhause machte.\",\"breadcrumb\":{\"@id\":\"https:\\\/\\\/poderevigliano.com\\\/de\\\/geschichte\\\/#breadcrumb\"},\"inLanguage\":\"de\",\"potentialAction\":[{\"@type\":\"ReadAction\",\"target\":[\"https:\\\/\\\/poderevigliano.com\\\/de\\\/geschichte\\\/\"]}]},{\"@type\":\"BreadcrumbList\",\"@id\":\"https:\\\/\\\/poderevigliano.com\\\/de\\\/geschichte\\\/#breadcrumb\",\"itemListElement\":[{\"@type\":\"ListItem\",\"position\":1,\"name\":\"Home\",\"item\":\"https:\\\/\\\/poderevigliano.com\\\/de\\\/home\\\/\"},{\"@type\":\"ListItem\",\"position\":2,\"name\":\"Geschichte\"}]},{\"@type\":\"WebSite\",\"@id\":\"https:\\\/\\\/poderevigliano.com\\\/#website\",\"url\":\"https:\\\/\\\/poderevigliano.com\\\/\",\"name\":\"Podere Vigliano\",\"description\":\"a charming farmhouse in Umbria\",\"publisher\":{\"@id\":\"https:\\\/\\\/poderevigliano.com\\\/#organization\"},\"potentialAction\":[{\"@type\":\"SearchAction\",\"target\":{\"@type\":\"EntryPoint\",\"urlTemplate\":\"https:\\\/\\\/poderevigliano.com\\\/?s={search_term_string}\"},\"query-input\":{\"@type\":\"PropertyValueSpecification\",\"valueRequired\":true,\"valueName\":\"search_term_string\"}}],\"inLanguage\":\"de\"},{\"@type\":\"Organization\",\"@id\":\"https:\\\/\\\/poderevigliano.com\\\/#organization\",\"name\":\"Podere Vigliano\",\"url\":\"https:\\\/\\\/poderevigliano.com\\\/\",\"logo\":{\"@type\":\"ImageObject\",\"inLanguage\":\"de\",\"@id\":\"https:\\\/\\\/poderevigliano.com\\\/#\\\/schema\\\/logo\\\/image\\\/\",\"url\":\"https:\\\/\\\/poderevigliano.com\\\/wp-content\\\/uploads\\\/Podere-Vigliano-Logo.png\",\"contentUrl\":\"https:\\\/\\\/poderevigliano.com\\\/wp-content\\\/uploads\\\/Podere-Vigliano-Logo.png\",\"width\":278,\"height\":133,\"caption\":\"Podere Vigliano\"},\"image\":{\"@id\":\"https:\\\/\\\/poderevigliano.com\\\/#\\\/schema\\\/logo\\\/image\\\/\"},\"sameAs\":[\"https:\\\/\\\/www.facebook.com\\\/Podere.Vigliano.Umbria\"]}]}<\/script>\n<!-- \/ Yoast SEO plugin. -->","yoast_head_json":{"title":"Die Geschichte des Podere Vigliano","description":"Die Geschichte des Podere Vigliano und dessen Besitzerin, die das 275 Jahre alte italienische Bauernhaus renovierte und Italien zu ihrem zweiten Zuhause machte.","robots":{"index":"index","follow":"follow","max-snippet":"max-snippet:-1","max-image-preview":"max-image-preview:large","max-video-preview":"max-video-preview:-1"},"canonical":"https:\/\/poderevigliano.com\/de\/geschichte\/","og_locale":"de_DE","og_type":"article","og_title":"Die Geschichte des Podere Vigliano","og_description":"Die Geschichte des Podere Vigliano und dessen Besitzerin, die das 275 Jahre alte italienische Bauernhaus renovierte und Italien zu ihrem zweiten Zuhause machte.","og_url":"https:\/\/poderevigliano.com\/de\/geschichte\/","og_site_name":"Podere Vigliano","article_publisher":"https:\/\/www.facebook.com\/Podere.Vigliano.Umbria","article_modified_time":"2026-04-01T12:22:31+00:00","twitter_card":"summary_large_image","twitter_misc":{"Gesch\u00e4tzte Lesezeit":"7\u00a0Minuten"},"schema":{"@context":"https:\/\/schema.org","@graph":[{"@type":"WebPage","@id":"https:\/\/poderevigliano.com\/de\/geschichte\/","url":"https:\/\/poderevigliano.com\/de\/geschichte\/","name":"Die Geschichte des Podere Vigliano","isPartOf":{"@id":"https:\/\/poderevigliano.com\/#website"},"datePublished":"2018-09-14T16:08:10+00:00","dateModified":"2026-04-01T12:22:31+00:00","description":"Die Geschichte des Podere Vigliano und dessen Besitzerin, die das 275 Jahre alte italienische Bauernhaus renovierte und Italien zu ihrem zweiten Zuhause machte.","breadcrumb":{"@id":"https:\/\/poderevigliano.com\/de\/geschichte\/#breadcrumb"},"inLanguage":"de","potentialAction":[{"@type":"ReadAction","target":["https:\/\/poderevigliano.com\/de\/geschichte\/"]}]},{"@type":"BreadcrumbList","@id":"https:\/\/poderevigliano.com\/de\/geschichte\/#breadcrumb","itemListElement":[{"@type":"ListItem","position":1,"name":"Home","item":"https:\/\/poderevigliano.com\/de\/home\/"},{"@type":"ListItem","position":2,"name":"Geschichte"}]},{"@type":"WebSite","@id":"https:\/\/poderevigliano.com\/#website","url":"https:\/\/poderevigliano.com\/","name":"Podere Vigliano","description":"a charming farmhouse in Umbria","publisher":{"@id":"https:\/\/poderevigliano.com\/#organization"},"potentialAction":[{"@type":"SearchAction","target":{"@type":"EntryPoint","urlTemplate":"https:\/\/poderevigliano.com\/?s={search_term_string}"},"query-input":{"@type":"PropertyValueSpecification","valueRequired":true,"valueName":"search_term_string"}}],"inLanguage":"de"},{"@type":"Organization","@id":"https:\/\/poderevigliano.com\/#organization","name":"Podere Vigliano","url":"https:\/\/poderevigliano.com\/","logo":{"@type":"ImageObject","inLanguage":"de","@id":"https:\/\/poderevigliano.com\/#\/schema\/logo\/image\/","url":"https:\/\/poderevigliano.com\/wp-content\/uploads\/Podere-Vigliano-Logo.png","contentUrl":"https:\/\/poderevigliano.com\/wp-content\/uploads\/Podere-Vigliano-Logo.png","width":278,"height":133,"caption":"Podere Vigliano"},"image":{"@id":"https:\/\/poderevigliano.com\/#\/schema\/logo\/image\/"},"sameAs":["https:\/\/www.facebook.com\/Podere.Vigliano.Umbria"]}]}},"_links":{"self":[{"href":"https:\/\/poderevigliano.com\/de\/wp-json\/wp\/v2\/pages\/2289","targetHints":{"allow":["GET"]}}],"collection":[{"href":"https:\/\/poderevigliano.com\/de\/wp-json\/wp\/v2\/pages"}],"about":[{"href":"https:\/\/poderevigliano.com\/de\/wp-json\/wp\/v2\/types\/page"}],"author":[{"embeddable":true,"href":"https:\/\/poderevigliano.com\/de\/wp-json\/wp\/v2\/users\/2"}],"replies":[{"embeddable":true,"href":"https:\/\/poderevigliano.com\/de\/wp-json\/wp\/v2\/comments?post=2289"}],"version-history":[{"count":1,"href":"https:\/\/poderevigliano.com\/de\/wp-json\/wp\/v2\/pages\/2289\/revisions"}],"predecessor-version":[{"id":2788,"href":"https:\/\/poderevigliano.com\/de\/wp-json\/wp\/v2\/pages\/2289\/revisions\/2788"}],"wp:attachment":[{"href":"https:\/\/poderevigliano.com\/de\/wp-json\/wp\/v2\/media?parent=2289"}],"curies":[{"name":"wp","href":"https:\/\/api.w.org\/{rel}","templated":true}]}}